{"id":949,"date":"2022-04-10T21:04:33","date_gmt":"2022-04-10T21:04:33","guid":{"rendered":"http:\/\/adiplast.com\/sitionuevo\/wordpress\/?page_id=949"},"modified":"2025-02-07T16:40:09","modified_gmt":"2025-02-07T16:40:09","slug":"ceras-organicas","status":"publish","type":"page","link":"https:\/\/adiplast.com\/sitionuevo\/wordpress\/ceras-organicas\/","title":{"rendered":"Ceras Orga\u0301nicas"},"content":{"rendered":"\n<p class=\"has-medium-font-size\">Las <strong><em>ceras org\u00e1nicas<\/em><\/strong> son 100% naturales a las existentes en el mercado de origen sint\u00e9tico, son una excelente alternativa para sustituirlas en las diversas aplicaciones de la industria; cuentan con propiedades f\u00edsico-qu\u00edmicas que las hacen sustentables y sostenibles para el medio ambiente, proporcionando un excelente rendimiento y funcionamiento.<\/p>\n\n\n\n<p class=\"has-medium-font-size\"><strong><em>Cera PA-H:<\/em><\/strong> es de origen vegetal y se utiliza principalmente en la elaboraci\u00f3n de art\u00edculos escolares y en el curtido de pieles, proporcionando brillo y la formaci\u00f3n de una pel\u00edcula protectora.<\/p>\n\n\n\n<p class=\"has-medium-font-size\"><strong><em>Cera de Candelilla<\/em><\/strong>: su extracci\u00f3n es natural y ofrece excelentes propiedades en el proceso de elaboraci\u00f3n de productos para cosm\u00e9ticos, cuidado personal, escolares, pulimentos, entre otros, por su naturaleza es considerada de grado alimenticio y amigable con el uso dermatol\u00f3gico. Una de sus principales funciones es dar brillo en la superficie de aplicaci\u00f3n.<\/p>\n\n\n\n<p class=\"has-medium-font-size\"><strong><em>Ceras de Arroz:<\/em><\/strong> Se obtiene a partir de un proceso org\u00e1nico, brindando notables propiedades en productos para cosm\u00e9ticos, cuidado personal, escolares, pulimentos y cosmetolog\u00eda, como brillo, consistencia, textura y maleabilidad.<\/p>\n\n\n\n<div class=\"wp-block-columns has-background is-layout-flex wp-container-core-columns-is-layout-1 wp-block-columns-is-layout-flex\" style=\"background-color:#f6f6f6\">\n<div class=\"wp-block-column is-layout-flow wp-block-column-is-layout-flow\" style=\"flex-basis:66.66%\">\n<div class=\"wp-block-group\"><div class=\"wp-block-group__inner-container is-layout-constrained wp-block-group-is-layout-constrained\">\n<figure class=\"wp-block-image size-large\"><img loading=\"lazy\" decoding=\"async\" width=\"1024\" height=\"1024\" src=\"https:\/\/adiplast.com\/sitionuevo\/wordpress\/wp-content\/uploads\/2024\/06\/AVISO-87-1024x1024.png\" alt=\"\" class=\"wp-image-1760\" srcset=\"https:\/\/adiplast.com\/sitionuevo\/wordpress\/wp-content\/uploads\/2024\/06\/AVISO-87-1024x1024.png 1024w, https:\/\/adiplast.com\/sitionuevo\/wordpress\/wp-content\/uploads\/2024\/06\/AVISO-87-768x768.png 768w, https:\/\/adiplast.com\/sitionuevo\/wordpress\/wp-content\/uploads\/2024\/06\/AVISO-87-1536x1536.png 1536w, https:\/\/adiplast.com\/sitionuevo\/wordpress\/wp-content\/uploads\/2024\/06\/AVISO-87-120x120.png 120w, https:\/\/adiplast.com\/sitionuevo\/wordpress\/wp-content\/uploads\/2024\/06\/AVISO-87-105x105.png 105w, https:\/\/adiplast.com\/sitionuevo\/wordpress\/wp-content\/uploads\/2024\/06\/AVISO-87-570x570.png 570w, https:\/\/adiplast.com\/sitionuevo\/wordpress\/wp-content\/uploads\/2024\/06\/AVISO-87-380x380.png 380w, https:\/\/adiplast.com\/sitionuevo\/wordpress\/wp-content\/uploads\/2024\/06\/AVISO-87-285x285.png 285w, https:\/\/adiplast.com\/sitionuevo\/wordpress\/wp-content\/uploads\/2024\/06\/AVISO-87.png 2048w\" sizes=\"auto, (max-width: 1024px) 100vw, 1024px\" \/><\/figure>\n<\/div><\/div>\n<\/div>\n\n\n\n<div class=\"wp-block-column is-vertically-aligned-center is-layout-flow wp-block-column-is-layout-flow\" style=\"flex-basis:33.33%\">\n<h1 class=\"wp-block-heading has-text-color\" id=\"cera-mb-70\" style=\"color:#214087\"><strong>Cera PA- H<\/strong><\/h1>\n\n\n\n<p><strong>Nombre del producto:<\/strong> Cera Org\u00e1nica<\/p>\n\n\n\n<p><strong>Presentaci\u00f3n:<\/strong> Escama, grumo<\/p>\n\n\n\n<p><strong>Empaque:<\/strong> Sacos de PP laminado de PEBD, con un peso neto de 25 kg.<\/p>\n\n\n\n<div class=\"wp-block-buttons is-layout-flex wp-block-buttons-is-layout-flex\">\n<div class=\"wp-block-button has-custom-width wp-block-button__width-100\"><a class=\"wp-block-button__link has-background wp-element-button\" href=\"http:\/\/adiplast.com\/sitionuevo\/Catalogo\/14.-Ceras-Organicas\/CERA_PA-H_REV.2.pdf\" style=\"border-radius:8px;background-color:#80ad3e\" target=\"_blank\" rel=\"noreferrer noopener\">Descargar HT<\/a><\/div>\n<\/div>\n\n\n\n<hr class=\"wp-block-separator has-text-color has-cyan-bluish-gray-color has-css-opacity has-cyan-bluish-gray-background-color has-background is-style-wide\"\/>\n\n\n\n<div class=\"wp-block-buttons is-layout-flex wp-block-buttons-is-layout-flex\">\n<div class=\"wp-block-button has-custom-width wp-block-button__width-100 is-style-fill\"><a class=\"wp-block-button__link has-white-color has-text-color has-background wp-element-button\" href=\"\/sitionuevo\/wordpress\/ecommerce-en-construccion\/\" style=\"border-radius:8px;background-color:#214087\" target=\"_blank\" rel=\"noreferrer noopener\">Comprar producto<\/a><\/div>\n<\/div>\n<\/div>\n<\/div>\n\n\n\n<div class=\"wp-block-columns has-background is-layout-flex wp-container-core-columns-is-layout-2 wp-block-columns-is-layout-flex\" style=\"background-color:#f6f6f6\">\n<div class=\"wp-block-column is-layout-flow wp-block-column-is-layout-flow\" style=\"flex-basis:66.66%\">\n<figure class=\"wp-block-image size-large\"><img loading=\"lazy\" decoding=\"async\" width=\"1024\" height=\"1024\" src=\"https:\/\/adiplast.com\/sitionuevo\/wordpress\/wp-content\/uploads\/2024\/06\/AVISO-88-1024x1024.png\" alt=\"\" class=\"wp-image-1761\" srcset=\"https:\/\/adiplast.com\/sitionuevo\/wordpress\/wp-content\/uploads\/2024\/06\/AVISO-88-1024x1024.png 1024w, https:\/\/adiplast.com\/sitionuevo\/wordpress\/wp-content\/uploads\/2024\/06\/AVISO-88-768x768.png 768w, https:\/\/adiplast.com\/sitionuevo\/wordpress\/wp-content\/uploads\/2024\/06\/AVISO-88-1536x1536.png 1536w, https:\/\/adiplast.com\/sitionuevo\/wordpress\/wp-content\/uploads\/2024\/06\/AVISO-88-120x120.png 120w, https:\/\/adiplast.com\/sitionuevo\/wordpress\/wp-content\/uploads\/2024\/06\/AVISO-88-105x105.png 105w, https:\/\/adiplast.com\/sitionuevo\/wordpress\/wp-content\/uploads\/2024\/06\/AVISO-88-570x570.png 570w, https:\/\/adiplast.com\/sitionuevo\/wordpress\/wp-content\/uploads\/2024\/06\/AVISO-88-380x380.png 380w, https:\/\/adiplast.com\/sitionuevo\/wordpress\/wp-content\/uploads\/2024\/06\/AVISO-88-285x285.png 285w, https:\/\/adiplast.com\/sitionuevo\/wordpress\/wp-content\/uploads\/2024\/06\/AVISO-88.png 2048w\" sizes=\"auto, (max-width: 1024px) 100vw, 1024px\" \/><\/figure>\n<\/div>\n\n\n\n<div class=\"wp-block-column is-vertically-aligned-center is-layout-flow wp-block-column-is-layout-flow\" style=\"flex-basis:33.33%\">\n<h1 class=\"wp-block-heading has-text-color\" id=\"cera-mb-70\" style=\"color:#214087\"><strong><strong>Cera de Candelilla<\/strong><\/strong><\/h1>\n\n\n\n<p><strong>Nombre del producto:<\/strong> Cera Org\u00e1nica<\/p>\n\n\n\n<p><strong>Presentaci\u00f3n:<\/strong> Marqueta, grumo, escama y polvo.<\/p>\n\n\n\n<p><strong>Empaque:<\/strong> Sacos de PP laminado de PEBD, con un peso neto de 25 kg.<\/p>\n\n\n\n<div class=\"wp-block-buttons is-layout-flex wp-block-buttons-is-layout-flex\">\n<div class=\"wp-block-button has-custom-width wp-block-button__width-100\"><a class=\"wp-block-button__link has-background wp-element-button\" href=\"http:\/\/adiplast.com\/sitionuevo\/Catalogo\/14.-Ceras-Organicas\/CERA_CANDELILLA_REV.1.pdf\" style=\"border-radius:8px;background-color:#80ad3e\" target=\"_blank\" rel=\"noreferrer noopener\">Descargar HT<\/a><\/div>\n<\/div>\n\n\n\n<hr class=\"wp-block-separator has-text-color has-cyan-bluish-gray-color has-css-opacity has-cyan-bluish-gray-background-color has-background is-style-wide\"\/>\n\n\n\n<div class=\"wp-block-buttons is-layout-flex wp-block-buttons-is-layout-flex\">\n<div class=\"wp-block-button has-custom-width wp-block-button__width-100 is-style-fill\"><a class=\"wp-block-button__link has-white-color has-text-color has-background wp-element-button\" href=\"\/sitionuevo\/wordpress\/ecommerce-en-construccion\/\" style=\"border-radius:8px;background-color:#214087\" target=\"_blank\" rel=\"noreferrer noopener\">Comprar producto<\/a><\/div>\n<\/div>\n<\/div>\n<\/div>\n\n\n\n<div class=\"wp-block-columns has-background is-layout-flex wp-container-core-columns-is-layout-3 wp-block-columns-is-layout-flex\" style=\"background-color:#f6f6f6\">\n<div class=\"wp-block-column is-layout-flow wp-block-column-is-layout-flow\" style=\"flex-basis:66.66%\">\n<figure class=\"wp-block-image size-large\"><img loading=\"lazy\" decoding=\"async\" width=\"1024\" height=\"1024\" src=\"https:\/\/adiplast.com\/sitionuevo\/wordpress\/wp-content\/uploads\/2024\/06\/AVISO-89-1024x1024.png\" alt=\"\" class=\"wp-image-1762\" srcset=\"https:\/\/adiplast.com\/sitionuevo\/wordpress\/wp-content\/uploads\/2024\/06\/AVISO-89-1024x1024.png 1024w, https:\/\/adiplast.com\/sitionuevo\/wordpress\/wp-content\/uploads\/2024\/06\/AVISO-89-768x768.png 768w, https:\/\/adiplast.com\/sitionuevo\/wordpress\/wp-content\/uploads\/2024\/06\/AVISO-89-1536x1536.png 1536w, https:\/\/adiplast.com\/sitionuevo\/wordpress\/wp-content\/uploads\/2024\/06\/AVISO-89-120x120.png 120w, https:\/\/adiplast.com\/sitionuevo\/wordpress\/wp-content\/uploads\/2024\/06\/AVISO-89-105x105.png 105w, https:\/\/adiplast.com\/sitionuevo\/wordpress\/wp-content\/uploads\/2024\/06\/AVISO-89-570x570.png 570w, https:\/\/adiplast.com\/sitionuevo\/wordpress\/wp-content\/uploads\/2024\/06\/AVISO-89-380x380.png 380w, https:\/\/adiplast.com\/sitionuevo\/wordpress\/wp-content\/uploads\/2024\/06\/AVISO-89-285x285.png 285w, https:\/\/adiplast.com\/sitionuevo\/wordpress\/wp-content\/uploads\/2024\/06\/AVISO-89.png 2048w\" sizes=\"auto, (max-width: 1024px) 100vw, 1024px\" \/><\/figure>\n<\/div>\n\n\n\n<div class=\"wp-block-column is-vertically-aligned-center is-layout-flow wp-block-column-is-layout-flow\" style=\"flex-basis:33.33%\">\n<h1 class=\"wp-block-heading has-text-color\" id=\"cera-mb-70\" style=\"color:#214087\"><strong>Cera ADIRICE<\/strong><\/h1>\n\n\n\n<p><strong>Nombre del producto:<\/strong> Cera de Arroz<\/p>\n\n\n\n<p><strong>Presentaci\u00f3n:<\/strong> Pastilla.<\/p>\n\n\n\n<p><strong>Empaque:<\/strong> Sacos de PP laminado de PEBD, con un peso neto de 25 kg.<\/p>\n\n\n\n<div class=\"wp-block-buttons is-layout-flex wp-block-buttons-is-layout-flex\">\n<div class=\"wp-block-button has-custom-width wp-block-button__width-100\"><a class=\"wp-block-button__link has-background wp-element-button\" href=\"http:\/\/adiplast.com\/sitionuevo\/wordpress\/wp-content\/uploads\/2024\/02\/ET-CERA-ADIRICE-REV.1.pdf\" style=\"border-radius:8px;background-color:#80ad3e\">Descargar HT<\/a><\/div>\n<\/div>\n\n\n\n<hr class=\"wp-block-separator has-text-color has-cyan-bluish-gray-color has-css-opacity has-cyan-bluish-gray-background-color has-background is-style-wide\"\/>\n\n\n\n<div class=\"wp-block-buttons is-layout-flex wp-block-buttons-is-layout-flex\">\n<div class=\"wp-block-button has-custom-width wp-block-button__width-100 is-style-fill\"><a class=\"wp-block-button__link has-white-color has-text-color has-background wp-element-button\" href=\"\/sitionuevo\/wordpress\/ecommerce-en-construccion\/\" style=\"border-radius:8px;background-color:#214087\" target=\"_blank\" rel=\"noreferrer noopener\">Comprar producto<\/a><\/div>\n<\/div>\n<\/div>\n<\/div>\n\n\n\n<div class=\"wp-block-columns has-background is-layout-flex wp-container-core-columns-is-layout-4 wp-block-columns-is-layout-flex\" style=\"background-color:#f6f6f6\">\n<div class=\"wp-block-column is-layout-flow wp-block-column-is-layout-flow\" style=\"flex-basis:66.66%\">\n<figure class=\"wp-block-image size-large\"><img loading=\"lazy\" decoding=\"async\" width=\"1024\" height=\"1024\" src=\"http:\/\/adiplast.com\/sitionuevo\/wordpress\/wp-content\/uploads\/2024\/06\/AVISO-91-1024x1024.png\" alt=\"\" class=\"wp-image-1765\" srcset=\"https:\/\/adiplast.com\/sitionuevo\/wordpress\/wp-content\/uploads\/2024\/06\/AVISO-91-1024x1024.png 1024w, https:\/\/adiplast.com\/sitionuevo\/wordpress\/wp-content\/uploads\/2024\/06\/AVISO-91-768x768.png 768w, https:\/\/adiplast.com\/sitionuevo\/wordpress\/wp-content\/uploads\/2024\/06\/AVISO-91-1536x1536.png 1536w, https:\/\/adiplast.com\/sitionuevo\/wordpress\/wp-content\/uploads\/2024\/06\/AVISO-91-120x120.png 120w, https:\/\/adiplast.com\/sitionuevo\/wordpress\/wp-content\/uploads\/2024\/06\/AVISO-91-105x105.png 105w, https:\/\/adiplast.com\/sitionuevo\/wordpress\/wp-content\/uploads\/2024\/06\/AVISO-91-570x570.png 570w, https:\/\/adiplast.com\/sitionuevo\/wordpress\/wp-content\/uploads\/2024\/06\/AVISO-91-380x380.png 380w, https:\/\/adiplast.com\/sitionuevo\/wordpress\/wp-content\/uploads\/2024\/06\/AVISO-91-285x285.png 285w, https:\/\/adiplast.com\/sitionuevo\/wordpress\/wp-content\/uploads\/2024\/06\/AVISO-91.png 2048w\" sizes=\"auto, (max-width: 1024px) 100vw, 1024px\" \/><\/figure>\n<\/div>\n\n\n\n<div class=\"wp-block-column is-vertically-aligned-center is-layout-flow wp-block-column-is-layout-flow\" style=\"flex-basis:33.33%\">\n<h1 class=\"wp-block-heading has-text-color\" id=\"cera-mb-70\" style=\"color:#214087\"><strong><strong>Cera<\/strong>&nbsp;<strong>EBS-10<\/strong><\/strong><\/h1>\n\n\n\n<p><strong>Nombre del producto:<\/strong>&nbsp;Cera Bistearamida, de la familia qu\u00edmica de las amidas, cera totalmente refinada.<\/p>\n\n\n\n<p>Cera de alto punto de fusi\u00f3n.<\/p>\n\n\n\n<p><strong>Presentaci\u00f3n:&nbsp;<\/strong>Microesfera.<\/p>\n\n\n\n<p><strong>Empaque:&nbsp;<\/strong>Sacos de PP laminado de PEBD, con un peso neto de 25 kg.<\/p>\n\n\n\n<div class=\"wp-block-buttons is-layout-flex wp-block-buttons-is-layout-flex\">\n<div class=\"wp-block-button has-custom-width wp-block-button__width-100\"><a class=\"wp-block-button__link has-background wp-element-button\" href=\"https:\/\/adiplast.com\/sitionuevo\/wordpress\/wp-content\/uploads\/2024\/05\/ET-CERA-EBS-10-REV.1.pdf\" style=\"border-radius:8px;background-color:#80ad3e\" target=\"_blank\" rel=\"noreferrer noopener\">Descargar HT<\/a><\/div>\n<\/div>\n\n\n\n<hr class=\"wp-block-separator has-text-color has-cyan-bluish-gray-color has-css-opacity has-cyan-bluish-gray-background-color has-background is-style-wide\"\/>\n\n\n\n<div class=\"wp-block-buttons is-layout-flex wp-block-buttons-is-layout-flex\">\n<div class=\"wp-block-button has-custom-width wp-block-button__width-100 is-style-fill\"><a class=\"wp-block-button__link has-white-color has-text-color has-background wp-element-button\" href=\"\/sitionuevo\/wordpress\/ecommerce-en-construccion\/\" style=\"border-radius:8px;background-color:#214087\" target=\"_blank\" rel=\"noreferrer noopener\">Comprar producto<\/a><\/div>\n<\/div>\n<\/div>\n<\/div>\n\n\n\n<div class=\"wp-block-columns has-background is-layout-flex wp-container-core-columns-is-layout-5 wp-block-columns-is-layout-flex\" style=\"background-color:#f6f6f6\">\n<div class=\"wp-block-column is-layout-flow wp-block-column-is-layout-flow\" style=\"flex-basis:66.66%\">\n<figure class=\"wp-block-image size-large\"><img loading=\"lazy\" decoding=\"async\" width=\"1024\" height=\"1024\" src=\"http:\/\/adiplast.com\/sitionuevo\/wordpress\/wp-content\/uploads\/2024\/06\/AVISO-92-1024x1024.png\" alt=\"\" class=\"wp-image-1764\" srcset=\"https:\/\/adiplast.com\/sitionuevo\/wordpress\/wp-content\/uploads\/2024\/06\/AVISO-92-1024x1024.png 1024w, https:\/\/adiplast.com\/sitionuevo\/wordpress\/wp-content\/uploads\/2024\/06\/AVISO-92-768x768.png 768w, https:\/\/adiplast.com\/sitionuevo\/wordpress\/wp-content\/uploads\/2024\/06\/AVISO-92-1536x1536.png 1536w, https:\/\/adiplast.com\/sitionuevo\/wordpress\/wp-content\/uploads\/2024\/06\/AVISO-92-120x120.png 120w, https:\/\/adiplast.com\/sitionuevo\/wordpress\/wp-content\/uploads\/2024\/06\/AVISO-92-105x105.png 105w, https:\/\/adiplast.com\/sitionuevo\/wordpress\/wp-content\/uploads\/2024\/06\/AVISO-92-570x570.png 570w, https:\/\/adiplast.com\/sitionuevo\/wordpress\/wp-content\/uploads\/2024\/06\/AVISO-92-380x380.png 380w, https:\/\/adiplast.com\/sitionuevo\/wordpress\/wp-content\/uploads\/2024\/06\/AVISO-92-285x285.png 285w, https:\/\/adiplast.com\/sitionuevo\/wordpress\/wp-content\/uploads\/2024\/06\/AVISO-92.png 2048w\" sizes=\"auto, (max-width: 1024px) 100vw, 1024px\" \/><\/figure>\n<\/div>\n\n\n\n<div class=\"wp-block-column is-vertically-aligned-center is-layout-flow wp-block-column-is-layout-flow\" style=\"flex-basis:33.33%\">\n<h1 class=\"wp-block-heading has-text-color\" id=\"cera-mb-70\" style=\"color:#214087\"><strong><strong>Cera<\/strong>&nbsp;<strong>EBS-100<\/strong><\/strong><\/h1>\n\n\n\n<p><strong>Nombre del producto:<\/strong>&nbsp;Cera Bistearamida, de la familia qu\u00edmica de las amidas, cera totalmente refinada.<\/p>\n\n\n\n<p>Cera de alto punto de fusi\u00f3n.<\/p>\n\n\n\n<p><strong>Presentaci\u00f3n:&nbsp;<\/strong>Polvo fino.<\/p>\n\n\n\n<p><strong>Empaque:&nbsp;<\/strong>Sacos de PP laminado de PEBD, con un peso neto de 25 kg.<\/p>\n\n\n\n<div class=\"wp-block-buttons is-layout-flex wp-block-buttons-is-layout-flex\">\n<div class=\"wp-block-button has-custom-width wp-block-button__width-100\"><a class=\"wp-block-button__link has-background wp-element-button\" href=\"https:\/\/adiplast.com\/sitionuevo\/wordpress\/wp-content\/uploads\/2024\/05\/ET-CERA-EBS-100-REV.1.pdf\" style=\"border-radius:8px;background-color:#80ad3e\" target=\"_blank\" rel=\"noreferrer noopener\">Descargar HT<\/a><\/div>\n<\/div>\n\n\n\n<hr class=\"wp-block-separator has-text-color has-cyan-bluish-gray-color has-css-opacity has-cyan-bluish-gray-background-color has-background is-style-wide\"\/>\n\n\n\n<div class=\"wp-block-buttons is-layout-flex wp-block-buttons-is-layout-flex\">\n<div class=\"wp-block-button has-custom-width wp-block-button__width-100 is-style-fill\"><a class=\"wp-block-button__link has-white-color has-text-color has-background wp-element-button\" href=\"\/sitionuevo\/wordpress\/ecommerce-en-construccion\/\" style=\"border-radius:8px;background-color:#214087\" target=\"_blank\" rel=\"noreferrer noopener\">Comprar producto<\/a><\/div>\n<\/div>\n<\/div>\n<\/div>\n\n\n\n<div class=\"wp-block-columns has-background is-layout-flex wp-container-core-columns-is-layout-6 wp-block-columns-is-layout-flex\" style=\"background-color:#f6f6f6\">\n<div class=\"wp-block-column is-layout-flow wp-block-column-is-layout-flow\" style=\"flex-basis:66.66%\">\n<figure class=\"wp-block-image size-large\"><img loading=\"lazy\" decoding=\"async\" width=\"1024\" height=\"1024\" src=\"https:\/\/adiplast.com\/sitionuevo\/wordpress\/wp-content\/uploads\/2024\/06\/AVISO-93-1024x1024.png\" alt=\"\" class=\"wp-image-1766\" srcset=\"https:\/\/adiplast.com\/sitionuevo\/wordpress\/wp-content\/uploads\/2024\/06\/AVISO-93-1024x1024.png 1024w, https:\/\/adiplast.com\/sitionuevo\/wordpress\/wp-content\/uploads\/2024\/06\/AVISO-93-768x768.png 768w, https:\/\/adiplast.com\/sitionuevo\/wordpress\/wp-content\/uploads\/2024\/06\/AVISO-93-1536x1536.png 1536w, https:\/\/adiplast.com\/sitionuevo\/wordpress\/wp-content\/uploads\/2024\/06\/AVISO-93-120x120.png 120w, https:\/\/adiplast.com\/sitionuevo\/wordpress\/wp-content\/uploads\/2024\/06\/AVISO-93-105x105.png 105w, https:\/\/adiplast.com\/sitionuevo\/wordpress\/wp-content\/uploads\/2024\/06\/AVISO-93-570x570.png 570w, https:\/\/adiplast.com\/sitionuevo\/wordpress\/wp-content\/uploads\/2024\/06\/AVISO-93-380x380.png 380w, https:\/\/adiplast.com\/sitionuevo\/wordpress\/wp-content\/uploads\/2024\/06\/AVISO-93-285x285.png 285w, https:\/\/adiplast.com\/sitionuevo\/wordpress\/wp-content\/uploads\/2024\/06\/AVISO-93.png 2048w\" sizes=\"auto, (max-width: 1024px) 100vw, 1024px\" \/><\/figure>\n<\/div>\n\n\n\n<div class=\"wp-block-column is-vertically-aligned-center is-layout-flow wp-block-column-is-layout-flow\" style=\"flex-basis:33.33%\">\n<h1 class=\"wp-block-heading has-text-color\" id=\"cera-mb-70\" style=\"color:#214087\"><strong><strong>Cera<\/strong>&nbsp;<strong>EBS-200<\/strong><\/strong><\/h1>\n\n\n\n<p><strong>Nombre del producto:<\/strong>&nbsp;Cera Bistearamida, de la familia qu\u00edmica de las amidas, cera totalmente refinada.<\/p>\n\n\n\n<p>Cera de alto punto de fusi\u00f3n.<\/p>\n\n\n\n<p><strong>Presentaci\u00f3n:&nbsp;<\/strong>Polvo talco.<\/p>\n\n\n\n<p><strong>Empaque:&nbsp;<\/strong>Sacos de PP laminado de PEBD, con un peso neto de 25 kg.<\/p>\n\n\n\n<div class=\"wp-block-buttons is-layout-flex wp-block-buttons-is-layout-flex\">\n<div class=\"wp-block-button has-custom-width wp-block-button__width-100\"><a class=\"wp-block-button__link has-background wp-element-button\" href=\"http:\/\/adiplast.com\/sitionuevo\/wordpress\/wp-content\/uploads\/2024\/02\/ET-CERA-EBS-200-REV.1.pdf\" style=\"border-radius:8px;background-color:#80ad3e\">Descargar HT<\/a><\/div>\n<\/div>\n\n\n\n<hr class=\"wp-block-separator has-text-color has-cyan-bluish-gray-color has-css-opacity has-cyan-bluish-gray-background-color has-background is-style-wide\"\/>\n\n\n\n<div class=\"wp-block-buttons is-layout-flex wp-block-buttons-is-layout-flex\">\n<div class=\"wp-block-button has-custom-width wp-block-button__width-100 is-style-fill\"><a class=\"wp-block-button__link has-white-color has-text-color has-background wp-element-button\" href=\"\/sitionuevo\/wordpress\/ecommerce-en-construccion\/\" style=\"border-radius:8px;background-color:#214087\" target=\"_blank\" rel=\"noreferrer noopener\">Comprar producto<\/a><\/div>\n<\/div>\n<\/div>\n<\/div>\n","protected":false},"excerpt":{"rendered":"<p>Las ceras org\u00e1nicas son 100% naturales a las existentes en el mercado de origen sint\u00e9tico, son una excelente alternativa para sustituirlas en las diversas aplicaciones de la industria; cuentan con propiedades f\u00edsico-qu\u00edmicas que las hacen sustentables y sostenibles para el medio ambiente, proporcionando un excelente rendimiento y funcionamiento. Cera PA-H: es de origen vegetal y<\/p>\n<p class=\"more-link\"><a href=\"https:\/\/adiplast.com\/sitionuevo\/wordpress\/ceras-organicas\/\" class=\"themebutton\">Read More<\/a><\/p>\n","protected":false},"author":1,"featured_media":0,"parent":0,"menu_order":0,"comment_status":"closed","ping_status":"closed","template":"","meta":{"footnotes":""},"class_list":["post-949","page","type-page","status-publish","hentry"],"_links":{"self":[{"href":"https:\/\/adiplast.com\/sitionuevo\/wordpress\/wp-json\/wp\/v2\/pages\/949","targetHints":{"allow":["GET"]}}],"collection":[{"href":"https:\/\/adiplast.com\/sitionuevo\/wordpress\/wp-json\/wp\/v2\/pages"}],"about":[{"href":"https:\/\/adiplast.com\/sitionuevo\/wordpress\/wp-json\/wp\/v2\/types\/page"}],"author":[{"embeddable":true,"href":"https:\/\/adiplast.com\/sitionuevo\/wordpress\/wp-json\/wp\/v2\/users\/1"}],"replies":[{"embeddable":true,"href":"https:\/\/adiplast.com\/sitionuevo\/wordpress\/wp-json\/wp\/v2\/comments?post=949"}],"version-history":[{"count":32,"href":"https:\/\/adiplast.com\/sitionuevo\/wordpress\/wp-json\/wp\/v2\/pages\/949\/revisions"}],"predecessor-version":[{"id":1812,"href":"https:\/\/adiplast.com\/sitionuevo\/wordpress\/wp-json\/wp\/v2\/pages\/949\/revisions\/1812"}],"wp:attachment":[{"href":"https:\/\/adiplast.com\/sitionuevo\/wordpress\/wp-json\/wp\/v2\/media?parent=949"}],"curies":[{"name":"wp","href":"https:\/\/api.w.org\/{rel}","templated":true}]}}