{"id":306,"date":"2021-06-14T02:25:35","date_gmt":"2021-06-14T02:25:35","guid":{"rendered":"http:\/\/adiplast.com\/sitionuevo\/wordpress\/?page_id=306"},"modified":"2024-06-04T15:43:48","modified_gmt":"2024-06-04T15:43:48","slug":"parafinas","status":"publish","type":"page","link":"https:\/\/adiplast.com\/sitionuevo\/wordpress\/productos\/parafinas\/","title":{"rendered":"Parafinas"},"content":{"rendered":"\n<p class=\"has-medium-font-size\">La <strong><em>parafina <\/em><\/strong>es una combinaci\u00f3n de hidrocarburos derivados del petr\u00f3leo y del carb\u00f3n, la cual no tienen olor, es inerte, impermeable y brillante; debido a su menor densidad (0,8 g\/cm3), no pueden mezclarse con el agua, aunque si puede disolverse en \u00e9ter, etanol caliente, benceno y cloroformo.<strong><em> <\/em><\/strong><\/p>\n\n\n\n<p class=\"has-medium-font-size\">La<strong><em> Parafina <\/em><\/strong>es utilizada para la elaboraci\u00f3n de una gran variedad de productos, el m\u00e1s conocido es en la producci\u00f3n de velas.<\/p>\n\n\n\n<div class=\"wp-block-columns are-vertically-aligned-center has-background is-layout-flex wp-container-core-columns-is-layout-1 wp-block-columns-is-layout-flex\" style=\"background-color:#f6f6f6\">\n<div class=\"wp-block-column is-vertically-aligned-center is-layout-flow wp-block-column-is-layout-flow\" style=\"flex-basis:66.66%\">\n\t\t<!-- MasterSlider -->\n\t\t<div id=\"P_MS69e3551f8412b\" class=\"master-slider-parent msl ms-parent-id-32\" style=\"max-width:800px;\">\n\n\t\t\t\n\t\t\t<!-- MasterSlider Main -->\n\t\t\t<div id=\"MS69e3551f8412b\" class=\"master-slider ms-skin-default\" >\n\t\t\t\t \t\t\t\t \n\t\t\t\t<div  class=\"ms-slide\" data-delay=\"3\" data-fill-mode=\"fill\"  >\n\t\t\t\t\t<img decoding=\"async\" src=\"https:\/\/adiplast.com\/sitionuevo\/wordpress\/wp-content\/plugins\/master-slider\/public\/assets\/css\/blank.gif\" alt=\"\" title=\"\" data-src=\"https:\/\/adiplast.com\/sitionuevo\/wordpress\/wp-content\/uploads\/2022\/02\/PA-min-scaled.jpeg\" \/>\n\n\n\t<div class=\"ms-thumb\" ><div class=\"ms-tab-context\"><div class=&quot;ms-tab-context&quot;><\/div><\/div>\n<\/div>\n\t\t\t\t<\/div>\n\n\t\t\t<\/div>\n\t\t\t<!-- END MasterSlider Main -->\n\n\t\t\t \n\t\t<\/div>\n\t\t<!-- END MasterSlider -->\n\n\t\t<script>\n\t\t(function ( $ ) {\n\t\t\t\"use strict\";\n\n\t\t\t$(function () {\n\t\t\t\tvar masterslider_412b = new MasterSlider();\n\n\t\t\t\t\/\/ slider controls\n\n\t\t\t\t\/\/ slider setup\n\t\t\t\tmasterslider_412b.setup(\"MS69e3551f8412b\", {\n\t\t\t\t\t\twidth           : 800,\n\t\t\t\t\t\theight          : 600,\n\t\t\t\t\t\tminHeight       : 0,\n\t\t\t\t\t\tspace           : 0,\n\t\t\t\t\t\tstart           : 1,\n\t\t\t\t\t\tgrabCursor      : true,\n\t\t\t\t\t\tswipe           : true,\n\t\t\t\t\t\tmouse           : true,\n\t\t\t\t\t\tlayout          : \"boxed\",\n\t\t\t\t\t\twheel           : false,\n\t\t\t\t\t\tautoplay        : true,\n\t\t\t\t\t\tinstantStartLayers:false,\n\t\t\t\t\t\tloop            : false,\n\t\t\t\t\t\tshuffle         : false,\n\t\t\t\t\t\tpreload         : 0,\n\t\t\t\t\t\theightLimit     : true,\n\t\t\t\t\t\tautoHeight      : false,\n\t\t\t\t\t\tsmoothHeight    : true,\n\t\t\t\t\t\tendPause        : false,\n\t\t\t\t\t\toverPause       : true,\n\t\t\t\t\t\tfillMode        : \"fill\",\n\t\t\t\t\t\tcenterControls  : true,\n\t\t\t\t\t\tstartOnAppear   : false,\n\t\t\t\t\t\tlayersMode      : \"center\",\n\t\t\t\t\t\thideLayers      : false,\n\t\t\t\t\t\tfullscreenMargin: 0,\n\t\t\t\t\t\tspeed           : 20,\n\t\t\t\t\t\tdir             : \"h\",\n\t\t\t\t\t\tparallaxMode    : 'swipe',\n\t\t\t\t\t\tview            : \"fade\"\n\t\t\t\t});\n\n\t\t\t\t\n\t\t\t\twindow.masterslider_instances = window.masterslider_instances || [];\n\t\t\t\twindow.masterslider_instances.push( masterslider_412b );\n\t\t\t });\n\n\t\t})(jQuery);\n\t\t<\/script>\n\n\n<\/div>\n\n\n\n<div class=\"wp-block-column is-vertically-aligned-center is-layout-flow wp-block-column-is-layout-flow\" style=\"flex-basis:33.33%\">\n<h1 class=\"wp-block-heading has-text-color\" id=\"cera-pa\" style=\"color:#214087\"><strong>Cera PA<\/strong><\/h1>\n\n\n\n<p><strong>Nombre del producto:<\/strong> Cera de Parafina.<\/p>\n\n\n\n<p><strong>Presentaci\u00f3n:<\/strong> Marqueta, Grumo grueso.<\/p>\n\n\n\n<p><strong>Empaque:<\/strong> Sacos de PP laminado de PEBD, con un peso neto de 25 kg.<\/p>\n\n\n\n<div class=\"wp-block-buttons is-layout-flex wp-block-buttons-is-layout-flex\">\n<div class=\"wp-block-button has-custom-width wp-block-button__width-75 is-style-fill\"><a class=\"wp-block-button__link has-background wp-element-button\" href=\"http:\/\/adiplast.com\/sitionuevo\/Catalogo\/13.Parafinas\/HT_CERA_PA.pdf\" style=\"border-radius:8px;background-color:#80ad3e\" target=\"_blank\" rel=\"noreferrer noopener\">Descargar HT<\/a><\/div>\n<\/div>\n\n\n\n<div style=\"height:16px\" aria-hidden=\"true\" class=\"wp-block-spacer\"><\/div>\n\n\n\n<div class=\"wp-block-buttons is-layout-flex wp-block-buttons-is-layout-flex\">\n<div class=\"wp-block-button has-custom-width wp-block-button__width-75 is-style-fill\"><a class=\"wp-block-button__link has-white-color has-text-color has-background wp-element-button\" style=\"border-radius:8px;background-color:#214087\">Comprar producto<\/a><\/div>\n<\/div>\n<\/div>\n<\/div>\n\n\n\n<p><\/p>\n","protected":false},"excerpt":{"rendered":"<p>La parafina es una combinaci\u00f3n de hidrocarburos derivados del petr\u00f3leo y del carb\u00f3n, la cual no tienen olor, es inerte, impermeable y brillante; debido a su menor densidad (0,8 g\/cm3), no pueden mezclarse con el agua, aunque si puede disolverse en \u00e9ter, etanol caliente, benceno y cloroformo. La Parafina es utilizada para la elaboraci\u00f3n de<\/p>\n<p class=\"more-link\"><a href=\"https:\/\/adiplast.com\/sitionuevo\/wordpress\/productos\/parafinas\/\" class=\"themebutton\">Read More<\/a><\/p>\n","protected":false},"author":1,"featured_media":0,"parent":21,"menu_order":0,"comment_status":"closed","ping_status":"closed","template":"","meta":{"footnotes":""},"class_list":["post-306","page","type-page","status-publish","hentry"],"_links":{"self":[{"href":"https:\/\/adiplast.com\/sitionuevo\/wordpress\/wp-json\/wp\/v2\/pages\/306","targetHints":{"allow":["GET"]}}],"collection":[{"href":"https:\/\/adiplast.com\/sitionuevo\/wordpress\/wp-json\/wp\/v2\/pages"}],"about":[{"href":"https:\/\/adiplast.com\/sitionuevo\/wordpress\/wp-json\/wp\/v2\/types\/page"}],"author":[{"embeddable":true,"href":"https:\/\/adiplast.com\/sitionuevo\/wordpress\/wp-json\/wp\/v2\/users\/1"}],"replies":[{"embeddable":true,"href":"https:\/\/adiplast.com\/sitionuevo\/wordpress\/wp-json\/wp\/v2\/comments?post=306"}],"version-history":[{"count":12,"href":"https:\/\/adiplast.com\/sitionuevo\/wordpress\/wp-json\/wp\/v2\/pages\/306\/revisions"}],"predecessor-version":[{"id":1723,"href":"https:\/\/adiplast.com\/sitionuevo\/wordpress\/wp-json\/wp\/v2\/pages\/306\/revisions\/1723"}],"up":[{"embeddable":true,"href":"https:\/\/adiplast.com\/sitionuevo\/wordpress\/wp-json\/wp\/v2\/pages\/21"}],"wp:attachment":[{"href":"https:\/\/adiplast.com\/sitionuevo\/wordpress\/wp-json\/wp\/v2\/media?parent=306"}],"curies":[{"name":"wp","href":"https:\/\/api.w.org\/{rel}","templated":true}]}}