{"id":298,"date":"2021-06-14T02:12:04","date_gmt":"2021-06-14T02:12:04","guid":{"rendered":"http:\/\/adiplast.com\/sitionuevo\/wordpress\/?page_id=298"},"modified":"2025-06-23T23:52:02","modified_gmt":"2025-06-23T23:52:02","slug":"cosmeticos","status":"publish","type":"page","link":"https:\/\/adiplast.com\/sitionuevo\/wordpress\/productos\/cosmeticos\/","title":{"rendered":"Cosm\u00e9ticos"},"content":{"rendered":"\n<p class=\"has-medium-font-size\">La <strong><em>cera polietil\u00e9nica <\/em><\/strong>tiene un conjunto de propiedades que la hace \u00fatil en un amplio rango de aplicaciones en el \u00e1rea de los cosm\u00e9ticos utiliz\u00e1ndose para: <\/p>\n\n\n\n<p class=\"has-medium-font-size\">*Modificar la viscosidad <\/p>\n\n\n\n<p class=\"has-medium-font-size\">*Modificar la dureza  <\/p>\n\n\n\n<p class=\"has-medium-font-size\">*Ayuda a la homogenizaci\u00f3n y dispersi\u00f3n de pigmentos <\/p>\n\n\n\n<p class=\"has-medium-font-size\">*Ser un excelente excipiente en la absorci\u00f3n de aceites y grasas  <\/p>\n\n\n\n<div class=\"wp-block-columns are-vertically-aligned-center has-background is-layout-flex wp-container-core-columns-is-layout-1 wp-block-columns-is-layout-flex\" style=\"background-color:#f6f6f6\">\n<div class=\"wp-block-column is-vertically-aligned-center is-layout-flow wp-block-column-is-layout-flow\" style=\"flex-basis:66.66%\">\n\t\t<!-- MasterSlider -->\n\t\t<div id=\"P_MS69e604131ad61\" class=\"master-slider-parent msl ms-parent-id-18\" style=\"max-width:800px;\">\n\n\t\t\t\n\t\t\t<!-- MasterSlider Main -->\n\t\t\t<div id=\"MS69e604131ad61\" class=\"master-slider ms-skin-default\" >\n\t\t\t\t \t\t\t\t \n\t\t\t\t<div  class=\"ms-slide\" data-delay=\"3\" data-fill-mode=\"fill\"  >\n\t\t\t\t\t<img decoding=\"async\" src=\"https:\/\/adiplast.com\/sitionuevo\/wordpress\/wp-content\/plugins\/master-slider\/public\/assets\/css\/blank.gif\" alt=\"\" title=\"\" data-src=\"https:\/\/adiplast.com\/sitionuevo\/wordpress\/wp-content\/uploads\/2022\/02\/CO-115-min-scaled.jpeg\" \/>\n\n\n\t<div class=\"ms-thumb\" ><div class=\"ms-tab-context\"><div class=&quot;ms-tab-context&quot;><\/div><\/div>\n<\/div>\n\t\t\t\t<\/div>\n\n\t\t\t<\/div>\n\t\t\t<!-- END MasterSlider Main -->\n\n\t\t\t \n\t\t<\/div>\n\t\t<!-- END MasterSlider -->\n\n\t\t<script>\n\t\t(function ( $ ) {\n\t\t\t\"use strict\";\n\n\t\t\t$(function () {\n\t\t\t\tvar masterslider_ad61 = new MasterSlider();\n\n\t\t\t\t\/\/ slider controls\n\n\t\t\t\t\/\/ slider setup\n\t\t\t\tmasterslider_ad61.setup(\"MS69e604131ad61\", {\n\t\t\t\t\t\twidth           : 800,\n\t\t\t\t\t\theight          : 600,\n\t\t\t\t\t\tminHeight       : 0,\n\t\t\t\t\t\tspace           : 0,\n\t\t\t\t\t\tstart           : 1,\n\t\t\t\t\t\tgrabCursor      : true,\n\t\t\t\t\t\tswipe           : true,\n\t\t\t\t\t\tmouse           : true,\n\t\t\t\t\t\tlayout          : \"boxed\",\n\t\t\t\t\t\twheel           : false,\n\t\t\t\t\t\tautoplay        : true,\n\t\t\t\t\t\tinstantStartLayers:false,\n\t\t\t\t\t\tloop            : false,\n\t\t\t\t\t\tshuffle         : false,\n\t\t\t\t\t\tpreload         : 0,\n\t\t\t\t\t\theightLimit     : true,\n\t\t\t\t\t\tautoHeight      : false,\n\t\t\t\t\t\tsmoothHeight    : true,\n\t\t\t\t\t\tendPause        : false,\n\t\t\t\t\t\toverPause       : true,\n\t\t\t\t\t\tfillMode        : \"fill\",\n\t\t\t\t\t\tcenterControls  : true,\n\t\t\t\t\t\tstartOnAppear   : false,\n\t\t\t\t\t\tlayersMode      : \"center\",\n\t\t\t\t\t\thideLayers      : false,\n\t\t\t\t\t\tfullscreenMargin: 0,\n\t\t\t\t\t\tspeed           : 20,\n\t\t\t\t\t\tdir             : \"h\",\n\t\t\t\t\t\tparallaxMode    : 'swipe',\n\t\t\t\t\t\tview            : \"fade\"\n\t\t\t\t});\n\n\t\t\t\t\n\t\t\t\twindow.masterslider_instances = window.masterslider_instances || [];\n\t\t\t\twindow.masterslider_instances.push( masterslider_ad61 );\n\t\t\t });\n\n\t\t})(jQuery);\n\t\t<\/script>\n\n\n<\/div>\n\n\n\n<div class=\"wp-block-column is-vertically-aligned-center is-layout-flow wp-block-column-is-layout-flow\" style=\"flex-basis:33.33%\">\n<h1 class=\"wp-block-heading has-text-color\" id=\"cera-co-115\" style=\"color:#214087\"><strong>Cera CO-115<\/strong><\/h1>\n\n\n\n<p><strong>Nombre del producto:<\/strong> Cera de Polietileno.<\/p>\n\n\n\n<p><strong>Presentaci\u00f3n:<\/strong> Polvo fino<\/p>\n\n\n\n<p><strong>Empaque:<\/strong> Sacos de PP laminado de PEBD, con un peso neto de 25 kg.<\/p>\n\n\n\n<div class=\"wp-block-buttons is-layout-flex wp-block-buttons-is-layout-flex\">\n<div class=\"wp-block-button has-custom-width wp-block-button__width-100\"><a class=\"wp-block-button__link has-background wp-element-button\" href=\"http:\/\/adiplast.com\/sitionuevo\/Catalogo\/11.Cosmeticos\/HT\/HT_CERACO-115.pdf\" style=\"border-radius:8px;background-color:#80ad3e\" target=\"_blank\" rel=\"noreferrer noopener\">Descargar HT<\/a><\/div>\n<\/div>\n\n\n\n<hr class=\"wp-block-separator has-text-color has-cyan-bluish-gray-color has-css-opacity has-cyan-bluish-gray-background-color has-background is-style-wide\"\/>\n\n\n\n<div class=\"wp-block-buttons is-layout-flex wp-block-buttons-is-layout-flex\">\n<div class=\"wp-block-button has-custom-width wp-block-button__width-100 is-style-fill\"><a class=\"wp-block-button__link has-white-color has-text-color has-background wp-element-button\" href=\"\/sitionuevo\/wordpress\/ecommerce-en-construccion\/\" style=\"border-radius:8px;background-color:#214087\" target=\"_blank\" rel=\"noreferrer noopener\">Comprar producto<\/a><\/div>\n<\/div>\n<\/div>\n<\/div>\n\n\n\n<div class=\"wp-block-columns are-vertically-aligned-center has-background is-layout-flex wp-container-core-columns-is-layout-2 wp-block-columns-is-layout-flex\" style=\"background-color:#f6f6f6\">\n<div class=\"wp-block-column is-vertically-aligned-center is-layout-flow wp-block-column-is-layout-flow\" style=\"flex-basis:66.66%\">\n\t\t<!-- MasterSlider -->\n\t\t<div id=\"P_MS69e604131b49a\" class=\"master-slider-parent msl ms-parent-id-20\" style=\"max-width:800px;\">\n\n\t\t\t\n\t\t\t<!-- MasterSlider Main -->\n\t\t\t<div id=\"MS69e604131b49a\" class=\"master-slider ms-skin-default\" >\n\t\t\t\t \t\t\t\t \n\t\t\t\t<div  class=\"ms-slide\" data-delay=\"3\" data-fill-mode=\"fill\"  >\n\t\t\t\t\t<img decoding=\"async\" src=\"https:\/\/adiplast.com\/sitionuevo\/wordpress\/wp-content\/plugins\/master-slider\/public\/assets\/css\/blank.gif\" alt=\"\" title=\"\" data-src=\"https:\/\/adiplast.com\/sitionuevo\/wordpress\/wp-content\/uploads\/2022\/02\/CO400-min-scaled.jpeg\" \/>\n\n\n\t<div class=\"ms-thumb\" ><div class=\"ms-tab-context\"><div class=&quot;ms-tab-context&quot;><\/div><\/div>\n<\/div>\n\t\t\t\t<\/div>\n\n\t\t\t<\/div>\n\t\t\t<!-- END MasterSlider Main -->\n\n\t\t\t \n\t\t<\/div>\n\t\t<!-- END MasterSlider -->\n\n\t\t<script>\n\t\t(function ( $ ) {\n\t\t\t\"use strict\";\n\n\t\t\t$(function () {\n\t\t\t\tvar masterslider_b49a = new MasterSlider();\n\n\t\t\t\t\/\/ slider controls\n\n\t\t\t\t\/\/ slider setup\n\t\t\t\tmasterslider_b49a.setup(\"MS69e604131b49a\", {\n\t\t\t\t\t\twidth           : 800,\n\t\t\t\t\t\theight          : 600,\n\t\t\t\t\t\tminHeight       : 0,\n\t\t\t\t\t\tspace           : 0,\n\t\t\t\t\t\tstart           : 1,\n\t\t\t\t\t\tgrabCursor      : true,\n\t\t\t\t\t\tswipe           : true,\n\t\t\t\t\t\tmouse           : true,\n\t\t\t\t\t\tlayout          : \"boxed\",\n\t\t\t\t\t\twheel           : false,\n\t\t\t\t\t\tautoplay        : true,\n\t\t\t\t\t\tinstantStartLayers:false,\n\t\t\t\t\t\tloop            : false,\n\t\t\t\t\t\tshuffle         : false,\n\t\t\t\t\t\tpreload         : 0,\n\t\t\t\t\t\theightLimit     : true,\n\t\t\t\t\t\tautoHeight      : false,\n\t\t\t\t\t\tsmoothHeight    : true,\n\t\t\t\t\t\tendPause        : false,\n\t\t\t\t\t\toverPause       : true,\n\t\t\t\t\t\tfillMode        : \"fill\",\n\t\t\t\t\t\tcenterControls  : true,\n\t\t\t\t\t\tstartOnAppear   : false,\n\t\t\t\t\t\tlayersMode      : \"center\",\n\t\t\t\t\t\thideLayers      : false,\n\t\t\t\t\t\tfullscreenMargin: 0,\n\t\t\t\t\t\tspeed           : 20,\n\t\t\t\t\t\tdir             : \"h\",\n\t\t\t\t\t\tparallaxMode    : 'swipe',\n\t\t\t\t\t\tview            : \"fade\"\n\t\t\t\t});\n\n\t\t\t\t\n\t\t\t\twindow.masterslider_instances = window.masterslider_instances || [];\n\t\t\t\twindow.masterslider_instances.push( masterslider_b49a );\n\t\t\t });\n\n\t\t})(jQuery);\n\t\t<\/script>\n\n\n<\/div>\n\n\n\n<div class=\"wp-block-column is-vertically-aligned-center is-layout-flow wp-block-column-is-layout-flow\" style=\"flex-basis:33.33%\">\n<h1 class=\"wp-block-heading has-text-color\" id=\"cera-co-400\" style=\"color:#214087\"><strong>Cera CO-400<\/strong><\/h1>\n\n\n\n<p><strong>Nombre del producto:<\/strong> Cera de Polietileno.<\/p>\n\n\n\n<p><strong>Presentaci\u00f3n: <\/strong>Talco<\/p>\n\n\n\n<p><strong>Empaque: <\/strong>Sacos de PP laminado de PEBD, con un peso neto de 25 kg.<\/p>\n\n\n\n<div class=\"wp-block-buttons is-layout-flex wp-block-buttons-is-layout-flex\">\n<div class=\"wp-block-button has-custom-width wp-block-button__width-100\"><a class=\"wp-block-button__link has-background wp-element-button\" href=\"http:\/\/adiplast.com\/sitionuevo\/Catalogo\/11.Cosmeticos\/HT\/HT_CERACO-400.pdf\" style=\"border-radius:8px;background-color:#80ad3e\" target=\"_blank\" rel=\"noreferrer noopener\">Descargar HT<\/a><\/div>\n<\/div>\n\n\n\n<hr class=\"wp-block-separator has-text-color has-cyan-bluish-gray-color has-css-opacity has-cyan-bluish-gray-background-color has-background is-style-wide\"\/>\n\n\n\n<div class=\"wp-block-buttons is-layout-flex wp-block-buttons-is-layout-flex\">\n<div class=\"wp-block-button has-custom-width wp-block-button__width-100 is-style-fill\"><a class=\"wp-block-button__link has-white-color has-text-color has-background wp-element-button\" href=\"\/sitionuevo\/wordpress\/ecommerce-en-construccion\/\" style=\"border-radius:8px;background-color:#214087\" target=\"_blank\" rel=\"noreferrer noopener\">Comprar producto<\/a><\/div>\n<\/div>\n<\/div>\n<\/div>\n\n\n\n<div class=\"wp-block-columns are-vertically-aligned-center has-background is-layout-flex wp-container-core-columns-is-layout-3 wp-block-columns-is-layout-flex\" style=\"background-color:#f6f6f6\">\n<div class=\"wp-block-column is-vertically-aligned-center is-layout-flow wp-block-column-is-layout-flow\" style=\"flex-basis:66.66%\">\n\t\t<!-- MasterSlider -->\n\t\t<div id=\"P_MS69e604131ca39\" class=\"master-slider-parent msl ms-parent-id-77\" style=\"max-width:800px;\">\n\n\t\t\t\n\t\t\t<!-- MasterSlider Main -->\n\t\t\t<div id=\"MS69e604131ca39\" class=\"master-slider ms-skin-default\" >\n\t\t\t\t \t\t\t\t \n\t\t\t\t<div  class=\"ms-slide\" data-delay=\"3\" data-fill-mode=\"fill\"  >\n\t\t\t\t\t<img decoding=\"async\" src=\"https:\/\/adiplast.com\/sitionuevo\/wordpress\/wp-content\/plugins\/master-slider\/public\/assets\/css\/blank.gif\" alt=\"\" title=\"\" data-src=\"https:\/\/adiplast.com\/sitionuevo\/wordpress\/wp-content\/uploads\/2024\/02\/Maquillaje2-scaled.jpg\" \/>\n\n\n\t<div class=\"ms-thumb\" ><div class=\"ms-tab-context\"><div class=&quot;ms-tab-context&quot;><\/div><\/div>\n<\/div>\n\t\t\t\t<\/div>\n\n\t\t\t<\/div>\n\t\t\t<!-- END MasterSlider Main -->\n\n\t\t\t \n\t\t<\/div>\n\t\t<!-- END MasterSlider -->\n\n\t\t<script>\n\t\t(function ( $ ) {\n\t\t\t\"use strict\";\n\n\t\t\t$(function () {\n\t\t\t\tvar masterslider_ca39 = new MasterSlider();\n\n\t\t\t\t\/\/ slider controls\n\n\t\t\t\t\/\/ slider setup\n\t\t\t\tmasterslider_ca39.setup(\"MS69e604131ca39\", {\n\t\t\t\t\t\twidth           : 800,\n\t\t\t\t\t\theight          : 600,\n\t\t\t\t\t\tminHeight       : 0,\n\t\t\t\t\t\tspace           : 0,\n\t\t\t\t\t\tstart           : 1,\n\t\t\t\t\t\tgrabCursor      : true,\n\t\t\t\t\t\tswipe           : true,\n\t\t\t\t\t\tmouse           : true,\n\t\t\t\t\t\tlayout          : \"boxed\",\n\t\t\t\t\t\twheel           : false,\n\t\t\t\t\t\tautoplay        : false,\n\t\t\t\t\t\tinstantStartLayers:false,\n\t\t\t\t\t\tloop            : false,\n\t\t\t\t\t\tshuffle         : false,\n\t\t\t\t\t\tpreload         : 0,\n\t\t\t\t\t\theightLimit     : true,\n\t\t\t\t\t\tautoHeight      : false,\n\t\t\t\t\t\tsmoothHeight    : true,\n\t\t\t\t\t\tendPause        : false,\n\t\t\t\t\t\toverPause       : true,\n\t\t\t\t\t\tfillMode        : \"fill\",\n\t\t\t\t\t\tcenterControls  : true,\n\t\t\t\t\t\tstartOnAppear   : false,\n\t\t\t\t\t\tlayersMode      : \"center\",\n\t\t\t\t\t\thideLayers      : false,\n\t\t\t\t\t\tfullscreenMargin: 0,\n\t\t\t\t\t\tspeed           : 20,\n\t\t\t\t\t\tdir             : \"h\",\n\t\t\t\t\t\tparallaxMode    : 'swipe',\n\t\t\t\t\t\tview            : \"basic\"\n\t\t\t\t});\n\n\t\t\t\t\n\t\t\t\twindow.masterslider_instances = window.masterslider_instances || [];\n\t\t\t\twindow.masterslider_instances.push( masterslider_ca39 );\n\t\t\t });\n\n\t\t})(jQuery);\n\t\t<\/script>\n\n\n<\/div>\n\n\n\n<div class=\"wp-block-column is-vertically-aligned-center is-layout-flow wp-block-column-is-layout-flow\" style=\"flex-basis:33.33%\">\n<h1 class=\"wp-block-heading has-text-color\" id=\"cera-co-400\" style=\"color:#214087\"><strong><strong>Cera<\/strong><\/strong> <strong>Erucamiada 100<\/strong><\/h1>\n\n\n\n<p><strong>Nombre del producto:<\/strong>&nbsp;Cera Erucamida.<\/p>\n\n\n\n<p><strong>Presentaci\u00f3n:&nbsp;<\/strong>Polvo fino. <\/p>\n\n\n\n<p><strong>Empaque:&nbsp;<\/strong>Sacos de PP laminado de PEBD, con un peso neto de 25 kg.<\/p>\n\n\n\n<div class=\"wp-block-buttons is-layout-flex wp-block-buttons-is-layout-flex\">\n<div class=\"wp-block-button has-custom-width wp-block-button__width-100\"><a class=\"wp-block-button__link has-background wp-element-button\" href=\"http:\/\/adiplast.com\/sitionuevo\/wordpress\/wp-content\/uploads\/2024\/05\/ET-CERA-ERUCAMIDA-100-REV.1.pdf\" style=\"border-radius:8px;background-color:#80ad3e\" target=\"_blank\" rel=\"noreferrer noopener\">Descargar HT<\/a><\/div>\n<\/div>\n\n\n\n<hr class=\"wp-block-separator has-text-color has-cyan-bluish-gray-color has-css-opacity has-cyan-bluish-gray-background-color has-background is-style-wide\"\/>\n\n\n\n<div class=\"wp-block-buttons is-layout-flex wp-block-buttons-is-layout-flex\">\n<div class=\"wp-block-button has-custom-width wp-block-button__width-100 is-style-fill\"><a class=\"wp-block-button__link has-white-color has-text-color has-background wp-element-button\" href=\"\/sitionuevo\/wordpress\/ecommerce-en-construccion\/\" style=\"border-radius:8px;background-color:#214087\" target=\"_blank\" rel=\"noreferrer noopener\">Comprar producto<\/a><\/div>\n<\/div>\n<\/div>\n<\/div>\n\n\n\n<div class=\"wp-block-columns are-vertically-aligned-center has-background is-layout-flex wp-container-core-columns-is-layout-4 wp-block-columns-is-layout-flex\" style=\"background-color:#f6f6f6\">\n<div class=\"wp-block-column is-vertically-aligned-center is-layout-flow wp-block-column-is-layout-flow\" style=\"flex-basis:66.66%\">\n\t\t<!-- MasterSlider -->\n\t\t<div id=\"P_MS69e604131cf54\" class=\"master-slider-parent msl ms-parent-id-18\" style=\"max-width:800px;\">\n\n\t\t\t\n\t\t\t<!-- MasterSlider Main -->\n\t\t\t<div id=\"MS69e604131cf54\" class=\"master-slider ms-skin-default\" >\n\t\t\t\t \t\t\t\t \n\t\t\t\t<div  class=\"ms-slide\" data-delay=\"3\" data-fill-mode=\"fill\"  >\n\t\t\t\t\t<img decoding=\"async\" src=\"https:\/\/adiplast.com\/sitionuevo\/wordpress\/wp-content\/plugins\/master-slider\/public\/assets\/css\/blank.gif\" alt=\"\" title=\"\" data-src=\"https:\/\/adiplast.com\/sitionuevo\/wordpress\/wp-content\/uploads\/2022\/02\/CO-115-min-scaled.jpeg\" \/>\n\n\n\t<div class=\"ms-thumb\" ><div class=\"ms-tab-context\"><div class=&quot;ms-tab-context&quot;><\/div><\/div>\n<\/div>\n\t\t\t\t<\/div>\n\n\t\t\t<\/div>\n\t\t\t<!-- END MasterSlider Main -->\n\n\t\t\t \n\t\t<\/div>\n\t\t<!-- END MasterSlider -->\n\n\t\t<script>\n\t\t(function ( $ ) {\n\t\t\t\"use strict\";\n\n\t\t\t$(function () {\n\t\t\t\tvar masterslider_cf54 = new MasterSlider();\n\n\t\t\t\t\/\/ slider controls\n\n\t\t\t\t\/\/ slider setup\n\t\t\t\tmasterslider_cf54.setup(\"MS69e604131cf54\", {\n\t\t\t\t\t\twidth           : 800,\n\t\t\t\t\t\theight          : 600,\n\t\t\t\t\t\tminHeight       : 0,\n\t\t\t\t\t\tspace           : 0,\n\t\t\t\t\t\tstart           : 1,\n\t\t\t\t\t\tgrabCursor      : true,\n\t\t\t\t\t\tswipe           : true,\n\t\t\t\t\t\tmouse           : true,\n\t\t\t\t\t\tlayout          : \"boxed\",\n\t\t\t\t\t\twheel           : false,\n\t\t\t\t\t\tautoplay        : true,\n\t\t\t\t\t\tinstantStartLayers:false,\n\t\t\t\t\t\tloop            : false,\n\t\t\t\t\t\tshuffle         : false,\n\t\t\t\t\t\tpreload         : 0,\n\t\t\t\t\t\theightLimit     : true,\n\t\t\t\t\t\tautoHeight      : false,\n\t\t\t\t\t\tsmoothHeight    : true,\n\t\t\t\t\t\tendPause        : false,\n\t\t\t\t\t\toverPause       : true,\n\t\t\t\t\t\tfillMode        : \"fill\",\n\t\t\t\t\t\tcenterControls  : true,\n\t\t\t\t\t\tstartOnAppear   : false,\n\t\t\t\t\t\tlayersMode      : \"center\",\n\t\t\t\t\t\thideLayers      : false,\n\t\t\t\t\t\tfullscreenMargin: 0,\n\t\t\t\t\t\tspeed           : 20,\n\t\t\t\t\t\tdir             : \"h\",\n\t\t\t\t\t\tparallaxMode    : 'swipe',\n\t\t\t\t\t\tview            : \"fade\"\n\t\t\t\t});\n\n\t\t\t\t\n\t\t\t\twindow.masterslider_instances = window.masterslider_instances || [];\n\t\t\t\twindow.masterslider_instances.push( masterslider_cf54 );\n\t\t\t });\n\n\t\t})(jQuery);\n\t\t<\/script>\n\n\n<\/div>\n\n\n\n<div class=\"wp-block-column is-vertically-aligned-center is-layout-flow wp-block-column-is-layout-flow\" style=\"flex-basis:33.33%\">\n<h1 class=\"wp-block-heading has-text-color\" id=\"cera-co-115\" style=\"color:#214087\"><strong>Cera Adirice<\/strong><\/h1>\n\n\n\n<p><strong>Nombre del producto:<\/strong> Cera de Arroz.<\/p>\n\n\n\n<p><strong>Presentaci\u00f3n:<\/strong> Pastilla.<\/p>\n\n\n\n<p><strong>Empaque:<\/strong> Sacos de PP laminado de PEBD, con un peso neto de 25 kg.<\/p>\n\n\n\n<div class=\"wp-block-buttons is-layout-flex wp-block-buttons-is-layout-flex\">\n<div class=\"wp-block-button has-custom-width wp-block-button__width-100\"><a class=\"wp-block-button__link has-background wp-element-button\" href=\"http:\/\/adiplast.com\/sitionuevo\/wordpress\/wp-content\/uploads\/2024\/05\/ET-CERA-ADIRICE-REV.1.pdf\" style=\"border-radius:8px;background-color:#80ad3e\" target=\"_blank\" rel=\"noreferrer noopener\">Descargar HT<\/a><\/div>\n<\/div>\n\n\n\n<hr class=\"wp-block-separator has-text-color has-cyan-bluish-gray-color has-css-opacity has-cyan-bluish-gray-background-color has-background is-style-wide\"\/>\n\n\n\n<div class=\"wp-block-buttons is-layout-flex wp-block-buttons-is-layout-flex\">\n<div class=\"wp-block-button has-custom-width wp-block-button__width-100 is-style-fill\"><a class=\"wp-block-button__link has-white-color has-text-color has-background wp-element-button\" href=\"\/sitionuevo\/wordpress\/ecommerce-en-construccion\/\" style=\"border-radius:8px;background-color:#214087\" target=\"_blank\" rel=\"noreferrer noopener\">Comprar producto<\/a><\/div>\n<\/div>\n<\/div>\n<\/div>\n\n\n\n<p><\/p>\n","protected":false},"excerpt":{"rendered":"<p>La cera polietil\u00e9nica tiene un conjunto de propiedades que la hace \u00fatil en un amplio rango de aplicaciones en el \u00e1rea de los cosm\u00e9ticos utiliz\u00e1ndose para: *Modificar la viscosidad *Modificar la dureza *Ayuda a la homogenizaci\u00f3n y dispersi\u00f3n de pigmentos *Ser un excelente excipiente en la absorci\u00f3n de aceites y grasas Cera CO-115 Nombre del<\/p>\n<p class=\"more-link\"><a href=\"https:\/\/adiplast.com\/sitionuevo\/wordpress\/productos\/cosmeticos\/\" class=\"themebutton\">Read More<\/a><\/p>\n","protected":false},"author":1,"featured_media":0,"parent":21,"menu_order":0,"comment_status":"closed","ping_status":"closed","template":"","meta":{"footnotes":""},"class_list":["post-298","page","type-page","status-publish","hentry"],"_links":{"self":[{"href":"https:\/\/adiplast.com\/sitionuevo\/wordpress\/wp-json\/wp\/v2\/pages\/298","targetHints":{"allow":["GET"]}}],"collection":[{"href":"https:\/\/adiplast.com\/sitionuevo\/wordpress\/wp-json\/wp\/v2\/pages"}],"about":[{"href":"https:\/\/adiplast.com\/sitionuevo\/wordpress\/wp-json\/wp\/v2\/types\/page"}],"author":[{"embeddable":true,"href":"https:\/\/adiplast.com\/sitionuevo\/wordpress\/wp-json\/wp\/v2\/users\/1"}],"replies":[{"embeddable":true,"href":"https:\/\/adiplast.com\/sitionuevo\/wordpress\/wp-json\/wp\/v2\/comments?post=298"}],"version-history":[{"count":23,"href":"https:\/\/adiplast.com\/sitionuevo\/wordpress\/wp-json\/wp\/v2\/pages\/298\/revisions"}],"predecessor-version":[{"id":1829,"href":"https:\/\/adiplast.com\/sitionuevo\/wordpress\/wp-json\/wp\/v2\/pages\/298\/revisions\/1829"}],"up":[{"embeddable":true,"href":"https:\/\/adiplast.com\/sitionuevo\/wordpress\/wp-json\/wp\/v2\/pages\/21"}],"wp:attachment":[{"href":"https:\/\/adiplast.com\/sitionuevo\/wordpress\/wp-json\/wp\/v2\/media?parent=298"}],"curies":[{"name":"wp","href":"https:\/\/api.w.org\/{rel}","templated":true}]}}