{"id":274,"date":"2021-06-13T04:34:11","date_gmt":"2021-06-13T04:34:11","guid":{"rendered":"http:\/\/adiplast.com\/sitionuevo\/wordpress\/?page_id=274"},"modified":"2025-06-23T23:43:39","modified_gmt":"2025-06-23T23:43:39","slug":"escolares","status":"publish","type":"page","link":"https:\/\/adiplast.com\/sitionuevo\/wordpress\/productos\/escolares\/","title":{"rendered":"Escolares"},"content":{"rendered":"\n<p class=\"has-medium-font-size\">La <strong><em>cera polietil\u00e9nica<\/em><\/strong> es usada en la elaboraci\u00f3n de plastilina, crayones, l\u00e1pices y otros productos escolares aportando las siguientes propiedades:<\/p>\n\n\n\n<ul class=\"wp-block-list has-medium-font-size\">\n<li>Dispersa los pigmentos<\/li>\n\n\n\n<li>Aumenta el brillo<\/li>\n\n\n\n<li>Reduce la cantidad de pigmento a utilizar<\/li>\n\n\n\n<li>Mejora la resistencia al calor<\/li>\n\n\n\n<li>Desmolda<\/li>\n\n\n\n<li>Mejora las propiedades mec\u00e1nicas<\/li>\n\n\n\n<li>Protecci\u00f3n UV<\/li>\n\n\n\n<li>Aumenta la productividad<\/li>\n<\/ul>\n\n\n\n<div class=\"wp-block-columns are-vertically-aligned-center has-background is-layout-flex wp-container-core-columns-is-layout-1 wp-block-columns-is-layout-flex\" style=\"background-color:#f6f6f6\">\n<div class=\"wp-block-column is-vertically-aligned-center is-layout-flow wp-block-column-is-layout-flow\" style=\"flex-basis:66.66%\">\n\t\t<!-- MasterSlider -->\n\t\t<div id=\"P_MS69e354c91987d\" class=\"master-slider-parent msl ms-parent-id-21\" style=\"max-width:800px;\">\n\n\t\t\t\n\t\t\t<!-- MasterSlider Main -->\n\t\t\t<div id=\"MS69e354c91987d\" class=\"master-slider ms-skin-default\" >\n\t\t\t\t \t\t\t\t \n\t\t\t\t<div  class=\"ms-slide\" data-delay=\"3\" data-fill-mode=\"fill\"  >\n\t\t\t\t\t<img decoding=\"async\" src=\"https:\/\/adiplast.com\/sitionuevo\/wordpress\/wp-content\/plugins\/master-slider\/public\/assets\/css\/blank.gif\" alt=\"\" title=\"\" data-src=\"https:\/\/adiplast.com\/sitionuevo\/wordpress\/wp-content\/uploads\/2022\/02\/EL-80-min-scaled.jpeg\" \/>\n\n\n\t<div class=\"ms-thumb\" ><div class=\"ms-tab-context\"><div class=&quot;ms-tab-context&quot;><\/div><\/div>\n<\/div>\n\t\t\t\t<\/div>\n\n\t\t\t<\/div>\n\t\t\t<!-- END MasterSlider Main -->\n\n\t\t\t \n\t\t<\/div>\n\t\t<!-- END MasterSlider -->\n\n\t\t<script>\n\t\t(function ( $ ) {\n\t\t\t\"use strict\";\n\n\t\t\t$(function () {\n\t\t\t\tvar masterslider_987d = new MasterSlider();\n\n\t\t\t\t\/\/ slider controls\n\n\t\t\t\t\/\/ slider setup\n\t\t\t\tmasterslider_987d.setup(\"MS69e354c91987d\", {\n\t\t\t\t\t\twidth           : 800,\n\t\t\t\t\t\theight          : 600,\n\t\t\t\t\t\tminHeight       : 0,\n\t\t\t\t\t\tspace           : 0,\n\t\t\t\t\t\tstart           : 1,\n\t\t\t\t\t\tgrabCursor      : true,\n\t\t\t\t\t\tswipe           : true,\n\t\t\t\t\t\tmouse           : true,\n\t\t\t\t\t\tlayout          : \"boxed\",\n\t\t\t\t\t\twheel           : false,\n\t\t\t\t\t\tautoplay        : true,\n\t\t\t\t\t\tinstantStartLayers:false,\n\t\t\t\t\t\tloop            : false,\n\t\t\t\t\t\tshuffle         : false,\n\t\t\t\t\t\tpreload         : 0,\n\t\t\t\t\t\theightLimit     : true,\n\t\t\t\t\t\tautoHeight      : false,\n\t\t\t\t\t\tsmoothHeight    : true,\n\t\t\t\t\t\tendPause        : false,\n\t\t\t\t\t\toverPause       : true,\n\t\t\t\t\t\tfillMode        : \"fill\",\n\t\t\t\t\t\tcenterControls  : true,\n\t\t\t\t\t\tstartOnAppear   : false,\n\t\t\t\t\t\tlayersMode      : \"center\",\n\t\t\t\t\t\thideLayers      : false,\n\t\t\t\t\t\tfullscreenMargin: 0,\n\t\t\t\t\t\tspeed           : 20,\n\t\t\t\t\t\tdir             : \"h\",\n\t\t\t\t\t\tparallaxMode    : 'swipe',\n\t\t\t\t\t\tview            : \"fade\"\n\t\t\t\t});\n\n\t\t\t\t\n\t\t\t\twindow.masterslider_instances = window.masterslider_instances || [];\n\t\t\t\twindow.masterslider_instances.push( masterslider_987d );\n\t\t\t });\n\n\t\t})(jQuery);\n\t\t<\/script>\n\n\n<\/div>\n\n\n\n<div class=\"wp-block-column is-vertically-aligned-center is-layout-flow wp-block-column-is-layout-flow\" style=\"flex-basis:33.33%\">\n<h1 class=\"wp-block-heading has-text-color\" id=\"cera-el-80\" style=\"color:#214087\"><strong>Cera EL-80<\/strong><\/h1>\n\n\n\n<p><strong>Nombre del producto: <\/strong>Cera de Polietileno.<\/p>\n\n\n\n<p><strong>Presentaci\u00f3n:<\/strong> Escama.<\/p>\n\n\n\n<p><strong>Empaque: <\/strong>Sacos de PP laminado de PEBD, con un peso neto de 25 kg.<\/p>\n\n\n\n<div class=\"wp-block-buttons is-layout-flex wp-block-buttons-is-layout-flex\">\n<div class=\"wp-block-button has-custom-width wp-block-button__width-100\"><a class=\"wp-block-button__link has-background wp-element-button\" href=\"http:\/\/adiplast.com\/sitionuevo\/Catalogo\/5.Escolares\/HT\/HT_CERAEL-80.pdf\" style=\"border-radius:8px;background-color:#80ad3e\" target=\"_blank\" rel=\"noreferrer noopener\">Descargar HT<\/a><\/div>\n<\/div>\n\n\n\n<hr class=\"wp-block-separator has-text-color has-cyan-bluish-gray-color has-css-opacity has-cyan-bluish-gray-background-color has-background is-style-wide\"\/>\n\n\n\n<div class=\"wp-block-buttons is-layout-flex wp-block-buttons-is-layout-flex\">\n<div class=\"wp-block-button has-custom-width wp-block-button__width-100 is-style-fill\"><a class=\"wp-block-button__link has-white-color has-text-color has-background wp-element-button\" href=\"\/sitionuevo\/wordpress\/ecommerce-en-construccion\/\" style=\"border-radius:8px;background-color:#214087\" target=\"_blank\" rel=\"noreferrer noopener\">Comprar producto<\/a><\/div>\n<\/div>\n<\/div>\n<\/div>\n\n\n\n<div class=\"wp-block-columns are-vertically-aligned-center has-background is-layout-flex wp-container-core-columns-is-layout-2 wp-block-columns-is-layout-flex\" style=\"background-color:#f6f6f6\">\n<div class=\"wp-block-column is-vertically-aligned-center is-layout-flow wp-block-column-is-layout-flow\" style=\"flex-basis:66.66%\">\n\t\t<!-- MasterSlider -->\n\t\t<div id=\"P_MS69e354c91a501\" class=\"master-slider-parent msl ms-parent-id-22\" style=\"max-width:800px;\">\n\n\t\t\t\n\t\t\t<!-- MasterSlider Main -->\n\t\t\t<div id=\"MS69e354c91a501\" class=\"master-slider ms-skin-default\" >\n\t\t\t\t \t\t\t\t \n\t\t\t\t<div  class=\"ms-slide\" data-delay=\"3\" data-fill-mode=\"fill\"  >\n\t\t\t\t\t<img decoding=\"async\" src=\"https:\/\/adiplast.com\/sitionuevo\/wordpress\/wp-content\/plugins\/master-slider\/public\/assets\/css\/blank.gif\" alt=\"\" title=\"\" data-src=\"https:\/\/adiplast.com\/sitionuevo\/wordpress\/wp-content\/uploads\/2022\/02\/PARAFINA-min-scaled.jpeg\" \/>\n\n\n\t<div class=\"ms-thumb\" ><div class=\"ms-tab-context\"><div class=&quot;ms-tab-context&quot;><\/div><\/div>\n<\/div>\n\t\t\t\t<\/div>\n\n\t\t\t<\/div>\n\t\t\t<!-- END MasterSlider Main -->\n\n\t\t\t \n\t\t<\/div>\n\t\t<!-- END MasterSlider -->\n\n\t\t<script>\n\t\t(function ( $ ) {\n\t\t\t\"use strict\";\n\n\t\t\t$(function () {\n\t\t\t\tvar masterslider_a501 = new MasterSlider();\n\n\t\t\t\t\/\/ slider controls\n\n\t\t\t\t\/\/ slider setup\n\t\t\t\tmasterslider_a501.setup(\"MS69e354c91a501\", {\n\t\t\t\t\t\twidth           : 800,\n\t\t\t\t\t\theight          : 600,\n\t\t\t\t\t\tminHeight       : 0,\n\t\t\t\t\t\tspace           : 0,\n\t\t\t\t\t\tstart           : 1,\n\t\t\t\t\t\tgrabCursor      : true,\n\t\t\t\t\t\tswipe           : true,\n\t\t\t\t\t\tmouse           : true,\n\t\t\t\t\t\tlayout          : \"boxed\",\n\t\t\t\t\t\twheel           : false,\n\t\t\t\t\t\tautoplay        : true,\n\t\t\t\t\t\tinstantStartLayers:false,\n\t\t\t\t\t\tloop            : false,\n\t\t\t\t\t\tshuffle         : false,\n\t\t\t\t\t\tpreload         : 0,\n\t\t\t\t\t\theightLimit     : true,\n\t\t\t\t\t\tautoHeight      : false,\n\t\t\t\t\t\tsmoothHeight    : true,\n\t\t\t\t\t\tendPause        : false,\n\t\t\t\t\t\toverPause       : true,\n\t\t\t\t\t\tfillMode        : \"fill\",\n\t\t\t\t\t\tcenterControls  : true,\n\t\t\t\t\t\tstartOnAppear   : false,\n\t\t\t\t\t\tlayersMode      : \"center\",\n\t\t\t\t\t\thideLayers      : false,\n\t\t\t\t\t\tfullscreenMargin: 0,\n\t\t\t\t\t\tspeed           : 20,\n\t\t\t\t\t\tdir             : \"h\",\n\t\t\t\t\t\tparallaxMode    : 'swipe',\n\t\t\t\t\t\tview            : \"fade\"\n\t\t\t\t});\n\n\t\t\t\t\n\t\t\t\twindow.masterslider_instances = window.masterslider_instances || [];\n\t\t\t\twindow.masterslider_instances.push( masterslider_a501 );\n\t\t\t });\n\n\t\t})(jQuery);\n\t\t<\/script>\n\n\n<\/div>\n\n\n\n<div class=\"wp-block-column is-vertically-aligned-center is-layout-flow wp-block-column-is-layout-flow\" style=\"flex-basis:33.33%\">\n<h1 class=\"wp-block-heading has-text-color\" id=\"cera-el-pa\" style=\"color:#214087\"><strong>Cera EL-PA<\/strong><\/h1>\n\n\n\n<p><strong>Nombre del producto<\/strong>: Parafina.<br><strong>Punto de fusi\u00f3n:<\/strong> 58 a 60 \u00b0C<\/p>\n\n\n\n<p><strong>Presentaci\u00f3n:<\/strong> Grumo grueso.<\/p>\n\n\n\n<p><strong>Empaque:<\/strong> Sacos de PP laminado de PEBD, con un peso neto de 25 kg.<\/p>\n\n\n\n<div class=\"wp-block-buttons is-layout-flex wp-block-buttons-is-layout-flex\">\n<div class=\"wp-block-button has-custom-width wp-block-button__width-100\"><a class=\"wp-block-button__link has-background wp-element-button\" href=\"http:\/\/adiplast.com\/sitionuevo\/Catalogo\/5.Escolares\/HT\/HT_CERAEL-PA.pdf\" style=\"border-radius:8px;background-color:#80ad3e\" target=\"_blank\" rel=\"noreferrer noopener\">Descargar HT<\/a><\/div>\n<\/div>\n\n\n\n<hr class=\"wp-block-separator has-text-color has-cyan-bluish-gray-color has-css-opacity has-cyan-bluish-gray-background-color has-background is-style-wide\"\/>\n\n\n\n<div class=\"wp-block-buttons is-layout-flex wp-block-buttons-is-layout-flex\">\n<div class=\"wp-block-button has-custom-width wp-block-button__width-100 is-style-fill\"><a class=\"wp-block-button__link has-white-color has-text-color has-background wp-element-button\" href=\"\/sitionuevo\/wordpress\/ecommerce-en-construccion\/\" style=\"border-radius:8px;background-color:#214087\" target=\"_blank\" rel=\"noreferrer noopener\">Comprar producto<\/a><\/div>\n<\/div>\n<\/div>\n<\/div>\n\n\n\n<div class=\"wp-block-columns are-vertically-aligned-center has-background is-layout-flex wp-container-core-columns-is-layout-3 wp-block-columns-is-layout-flex\" style=\"background-color:#f6f6f6\">\n<div class=\"wp-block-column is-vertically-aligned-center is-layout-flow wp-block-column-is-layout-flow\" style=\"flex-basis:66.66%\">\n\t\t<!-- MasterSlider -->\n\t\t<div id=\"P_MS69e354c91ad55\" class=\"master-slider-parent msl ms-parent-id-23\" style=\"max-width:800px;\">\n\n\t\t\t\n\t\t\t<!-- MasterSlider Main -->\n\t\t\t<div id=\"MS69e354c91ad55\" class=\"master-slider ms-skin-default\" >\n\t\t\t\t \t\t\t\t \n\t\t\t\t<div  class=\"ms-slide\" data-delay=\"3\" data-fill-mode=\"fill\"  >\n\t\t\t\t\t<img decoding=\"async\" src=\"https:\/\/adiplast.com\/sitionuevo\/wordpress\/wp-content\/plugins\/master-slider\/public\/assets\/css\/blank.gif\" alt=\"\" title=\"\" data-src=\"https:\/\/adiplast.com\/sitionuevo\/wordpress\/wp-content\/uploads\/2022\/02\/ONE-PACK-min-scaled.jpeg\" \/>\n\n\n\t<div class=\"ms-thumb\" ><div class=\"ms-tab-context\"><div class=&quot;ms-tab-context&quot;><\/div><\/div>\n<\/div>\n\t\t\t\t<\/div>\n\n\t\t\t<\/div>\n\t\t\t<!-- END MasterSlider Main -->\n\n\t\t\t \n\t\t<\/div>\n\t\t<!-- END MasterSlider -->\n\n\t\t<script>\n\t\t(function ( $ ) {\n\t\t\t\"use strict\";\n\n\t\t\t$(function () {\n\t\t\t\tvar masterslider_ad55 = new MasterSlider();\n\n\t\t\t\t\/\/ slider controls\n\n\t\t\t\t\/\/ slider setup\n\t\t\t\tmasterslider_ad55.setup(\"MS69e354c91ad55\", {\n\t\t\t\t\t\twidth           : 800,\n\t\t\t\t\t\theight          : 600,\n\t\t\t\t\t\tminHeight       : 0,\n\t\t\t\t\t\tspace           : 0,\n\t\t\t\t\t\tstart           : 1,\n\t\t\t\t\t\tgrabCursor      : true,\n\t\t\t\t\t\tswipe           : true,\n\t\t\t\t\t\tmouse           : true,\n\t\t\t\t\t\tlayout          : \"boxed\",\n\t\t\t\t\t\twheel           : false,\n\t\t\t\t\t\tautoplay        : true,\n\t\t\t\t\t\tinstantStartLayers:false,\n\t\t\t\t\t\tloop            : false,\n\t\t\t\t\t\tshuffle         : false,\n\t\t\t\t\t\tpreload         : 0,\n\t\t\t\t\t\theightLimit     : true,\n\t\t\t\t\t\tautoHeight      : false,\n\t\t\t\t\t\tsmoothHeight    : true,\n\t\t\t\t\t\tendPause        : false,\n\t\t\t\t\t\toverPause       : true,\n\t\t\t\t\t\tfillMode        : \"fill\",\n\t\t\t\t\t\tcenterControls  : true,\n\t\t\t\t\t\tstartOnAppear   : false,\n\t\t\t\t\t\tlayersMode      : \"center\",\n\t\t\t\t\t\thideLayers      : false,\n\t\t\t\t\t\tfullscreenMargin: 0,\n\t\t\t\t\t\tspeed           : 20,\n\t\t\t\t\t\tdir             : \"h\",\n\t\t\t\t\t\tparallaxMode    : 'swipe',\n\t\t\t\t\t\tview            : \"fade\"\n\t\t\t\t});\n\n\t\t\t\t\n\t\t\t\twindow.masterslider_instances = window.masterslider_instances || [];\n\t\t\t\twindow.masterslider_instances.push( masterslider_ad55 );\n\t\t\t });\n\n\t\t})(jQuery);\n\t\t<\/script>\n\n\n<\/div>\n\n\n\n<div class=\"wp-block-column is-vertically-aligned-center is-layout-flow wp-block-column-is-layout-flow\" style=\"flex-basis:33.33%\">\n<h1 class=\"wp-block-heading has-text-color\" id=\"cera-one-pack\" style=\"color:#214087\"><strong>Cera Microcristalina 100<\/strong><\/h1>\n\n\n\n<p><strong>Nombre del producto:<\/strong> Cera de Parafina.<\/p>\n\n\n\n<p><strong>Presentaci\u00f3n:<\/strong> Marqueta.<\/p>\n\n\n\n<p><strong>Empaque<\/strong>: Pipa, sacos de PP laminado de PEBD, con un peso neto de 25 kg.<\/p>\n\n\n\n<div class=\"wp-block-buttons is-layout-flex wp-block-buttons-is-layout-flex\">\n<div class=\"wp-block-button has-custom-width wp-block-button__width-100\"><a class=\"wp-block-button__link has-background wp-element-button\" href=\"http:\/\/adiplast.com\/sitionuevo\/wordpress\/wp-content\/uploads\/2024\/05\/ET-CERA-MICROCRISTALINA-100-REV.1.pdf\" style=\"border-radius:8px;background-color:#80ad3e\" target=\"_blank\" rel=\"noreferrer noopener\">Descargar HT<\/a><\/div>\n<\/div>\n\n\n\n<hr class=\"wp-block-separator has-text-color has-cyan-bluish-gray-color has-css-opacity has-cyan-bluish-gray-background-color has-background is-style-wide\"\/>\n\n\n\n<div class=\"wp-block-buttons is-layout-flex wp-block-buttons-is-layout-flex\">\n<div class=\"wp-block-button has-custom-width wp-block-button__width-100 is-style-fill\"><a class=\"wp-block-button__link has-white-color has-text-color has-background wp-element-button\" style=\"border-radius:8px;background-color:#214087\">Comprar producto<\/a><\/div>\n<\/div>\n<\/div>\n<\/div>\n\n\n\n<p><\/p>\n","protected":false},"excerpt":{"rendered":"<p>La cera polietil\u00e9nica es usada en la elaboraci\u00f3n de plastilina, crayones, l\u00e1pices y otros productos escolares aportando las siguientes propiedades: Cera EL-80 Nombre del producto: Cera de Polietileno. Presentaci\u00f3n: Escama. Empaque: Sacos de PP laminado de PEBD, con un peso neto de 25 kg. Cera EL-PA Nombre del producto: Parafina.Punto de fusi\u00f3n: 58 a 60<\/p>\n<p class=\"more-link\"><a href=\"https:\/\/adiplast.com\/sitionuevo\/wordpress\/productos\/escolares\/\" class=\"themebutton\">Read More<\/a><\/p>\n","protected":false},"author":1,"featured_media":0,"parent":21,"menu_order":0,"comment_status":"closed","ping_status":"closed","template":"","meta":{"footnotes":""},"class_list":["post-274","page","type-page","status-publish","hentry"],"_links":{"self":[{"href":"https:\/\/adiplast.com\/sitionuevo\/wordpress\/wp-json\/wp\/v2\/pages\/274","targetHints":{"allow":["GET"]}}],"collection":[{"href":"https:\/\/adiplast.com\/sitionuevo\/wordpress\/wp-json\/wp\/v2\/pages"}],"about":[{"href":"https:\/\/adiplast.com\/sitionuevo\/wordpress\/wp-json\/wp\/v2\/types\/page"}],"author":[{"embeddable":true,"href":"https:\/\/adiplast.com\/sitionuevo\/wordpress\/wp-json\/wp\/v2\/users\/1"}],"replies":[{"embeddable":true,"href":"https:\/\/adiplast.com\/sitionuevo\/wordpress\/wp-json\/wp\/v2\/comments?post=274"}],"version-history":[{"count":16,"href":"https:\/\/adiplast.com\/sitionuevo\/wordpress\/wp-json\/wp\/v2\/pages\/274\/revisions"}],"predecessor-version":[{"id":1826,"href":"https:\/\/adiplast.com\/sitionuevo\/wordpress\/wp-json\/wp\/v2\/pages\/274\/revisions\/1826"}],"up":[{"embeddable":true,"href":"https:\/\/adiplast.com\/sitionuevo\/wordpress\/wp-json\/wp\/v2\/pages\/21"}],"wp:attachment":[{"href":"https:\/\/adiplast.com\/sitionuevo\/wordpress\/wp-json\/wp\/v2\/media?parent=274"}],"curies":[{"name":"wp","href":"https:\/\/api.w.org\/{rel}","templated":true}]}}