{"id":22,"date":"2021-05-28T19:54:27","date_gmt":"2021-05-28T19:54:27","guid":{"rendered":"http:\/\/adiplast.com\/sitionuevo\/wordpress\/?page_id=22"},"modified":"2024-10-02T21:51:45","modified_gmt":"2024-10-02T21:51:45","slug":"contacto","status":"publish","type":"page","link":"https:\/\/adiplast.com\/sitionuevo\/wordpress\/contacto\/","title":{"rendered":"Contacto"},"content":{"rendered":"\n<div class=\"wp-block-columns has-white-background-color has-background is-layout-flex wp-container-core-columns-is-layout-1 wp-block-columns-is-layout-flex\">\n<div class=\"wp-block-column is-layout-flow wp-block-column-is-layout-flow\">\n<p class=\"has-medium-font-size\"><strong>Datos de contacto<\/strong><\/p>\n\n\n\n<p class=\"has-medium-font-size\"><strong>Tel\u00e9fonos Oficinas:<\/strong><br>55 55 38 38 67<br>55 55 19 63 17<\/p>\n\n\n\n<p class=\"has-medium-font-size\"><strong>Planta<\/strong><\/p>\n\n\n\n<p class=\"has-medium-font-size\"> 722 932 77 32 <\/p>\n\n\n\n<p class=\"has-medium-font-size\"><strong>Distribuci\u00f3n Occidente<\/strong><\/p>\n\n\n\n<p class=\"has-medium-font-size\"> 33 1594 52 24<\/p>\n\n\n\n<p class=\"has-medium-font-size\"><strong>Correo:&nbsp;<\/strong><br><a href=\"mailto:ventas@adiplast.com\">ventas@adiplast.com<\/a><\/p>\n<\/div>\n\n\n\n<div class=\"wp-block-column is-layout-flow wp-block-column-is-layout-flow\">\n<figure class=\"wp-block-image size-full is-resized\"><img loading=\"lazy\" decoding=\"async\" width=\"1080\" height=\"1080\" src=\"https:\/\/adiplast.com\/sitionuevo\/wordpress\/wp-content\/uploads\/2024\/10\/Suspension-de-labores-1.png\" alt=\"\" class=\"wp-image-1791\" style=\"aspect-ratio:1.0963597430406853;width:488px;height:auto\" srcset=\"https:\/\/adiplast.com\/sitionuevo\/wordpress\/wp-content\/uploads\/2024\/10\/Suspension-de-labores-1.png 1080w, https:\/\/adiplast.com\/sitionuevo\/wordpress\/wp-content\/uploads\/2024\/10\/Suspension-de-labores-1-1024x1024.png 1024w, https:\/\/adiplast.com\/sitionuevo\/wordpress\/wp-content\/uploads\/2024\/10\/Suspension-de-labores-1-768x768.png 768w, https:\/\/adiplast.com\/sitionuevo\/wordpress\/wp-content\/uploads\/2024\/10\/Suspension-de-labores-1-120x120.png 120w, https:\/\/adiplast.com\/sitionuevo\/wordpress\/wp-content\/uploads\/2024\/10\/Suspension-de-labores-1-105x105.png 105w, https:\/\/adiplast.com\/sitionuevo\/wordpress\/wp-content\/uploads\/2024\/10\/Suspension-de-labores-1-570x570.png 570w, https:\/\/adiplast.com\/sitionuevo\/wordpress\/wp-content\/uploads\/2024\/10\/Suspension-de-labores-1-380x380.png 380w, https:\/\/adiplast.com\/sitionuevo\/wordpress\/wp-content\/uploads\/2024\/10\/Suspension-de-labores-1-285x285.png 285w\" sizes=\"auto, (max-width: 1080px) 100vw, 1080px\" \/><\/figure>\n<\/div>\n<\/div>\n\n\n\n<hr class=\"wp-block-separator has-alpha-channel-opacity\"\/>\n\n\n\n<div class=\"wp-block-columns has-white-background-color has-background is-layout-flex wp-container-core-columns-is-layout-2 wp-block-columns-is-layout-flex\">\n<div class=\"wp-block-column is-layout-flow wp-block-column-is-layout-flow\">\n<p class=\"has-medium-font-size\"><strong>Planta<br><\/strong>Benito Ju\u00e1rez #411, 50200 San Nicol\u00e1s Tolentino, M\u00e9x.<\/p>\n\n\n\n<figure class=\"wp-block-image size-full\"><a href=\"https:\/\/maps.app.goo.gl\/Lr8mVXhgSHLziv377\" target=\"_blank\" rel=\"noreferrer noopener\"><img loading=\"lazy\" decoding=\"async\" width=\"816\" height=\"622\" src=\"http:\/\/adiplast.com\/sitionuevo\/wordpress\/wp-content\/uploads\/2023\/05\/Captura-de-pantalla-2023-05-26-a-las-22.52.54.png\" alt=\"\" class=\"wp-image-1070\" srcset=\"https:\/\/adiplast.com\/sitionuevo\/wordpress\/wp-content\/uploads\/2023\/05\/Captura-de-pantalla-2023-05-26-a-las-22.52.54.png 816w, https:\/\/adiplast.com\/sitionuevo\/wordpress\/wp-content\/uploads\/2023\/05\/Captura-de-pantalla-2023-05-26-a-las-22.52.54-768x585.png 768w\" sizes=\"auto, (max-width: 816px) 100vw, 816px\" \/><\/a><\/figure>\n<\/div>\n\n\n\n<div class=\"wp-block-column is-layout-flow wp-block-column-is-layout-flow\">\n<p class=\"has-medium-font-size\"><strong>Centro de Distribuci\u00f3n Occidente<\/strong><br>General Eulogio Parra No. 1478 Col. Santa Teresita , 44600.<\/p>\n\n\n\n<figure class=\"wp-block-image size-full\"><a href=\"https:\/\/maps.app.goo.gl\/2LDuP71j9TDJ7UQQ6\" target=\"_blank\" rel=\"noreferrer noopener\"><img loading=\"lazy\" decoding=\"async\" width=\"820\" height=\"626\" src=\"http:\/\/adiplast.com\/sitionuevo\/wordpress\/wp-content\/uploads\/2023\/05\/Captura-de-pantalla-2023-05-26-a-las-22.48.10.png\" alt=\"\" class=\"wp-image-1068\" srcset=\"https:\/\/adiplast.com\/sitionuevo\/wordpress\/wp-content\/uploads\/2023\/05\/Captura-de-pantalla-2023-05-26-a-las-22.48.10.png 820w, https:\/\/adiplast.com\/sitionuevo\/wordpress\/wp-content\/uploads\/2023\/05\/Captura-de-pantalla-2023-05-26-a-las-22.48.10-768x586.png 768w\" sizes=\"auto, (max-width: 820px) 100vw, 820px\" \/><\/a><\/figure>\n<\/div>\n<\/div>\n\n\n\n<hr class=\"wp-block-separator has-alpha-channel-opacity\"\/>\n\n\n\n<p class=\"has-medium-font-size\"><strong>Escr\u00edbenos y nos pondremos en contacto contigo<\/strong><\/p>\n\n\n\n<div class=\"wpcf7 no-js\" id=\"wpcf7-f1098-o1\" lang=\"es-MX\" dir=\"ltr\">\n<div class=\"screen-reader-response\"><p role=\"status\" aria-live=\"polite\" aria-atomic=\"true\"><\/p> <ul><\/ul><\/div>\n<form action=\"\/sitionuevo\/wordpress\/wp-json\/wp\/v2\/pages\/22#wpcf7-f1098-o1\" method=\"post\" class=\"wpcf7-form init\" aria-label=\"Formulario de contacto\" novalidate=\"novalidate\" data-status=\"init\">\n<div style=\"display: none;\">\n<input type=\"hidden\" name=\"_wpcf7\" value=\"1098\" \/>\n<input type=\"hidden\" name=\"_wpcf7_version\" value=\"5.8\" \/>\n<input type=\"hidden\" name=\"_wpcf7_locale\" value=\"es_MX\" \/>\n<input type=\"hidden\" name=\"_wpcf7_unit_tag\" value=\"wpcf7-f1098-o1\" \/>\n<input type=\"hidden\" name=\"_wpcf7_container_post\" value=\"0\" \/>\n<input type=\"hidden\" name=\"_wpcf7_posted_data_hash\" value=\"\" \/>\n<\/div>\n<p><label> Nombre completo<br \/>\n<span class=\"wpcf7-form-control-wrap\" data-name=\"your-name\"><input size=\"40\" class=\"wpcf7-form-control wpcf7-text wpcf7-validates-as-required\" autocomplete=\"name\" aria-required=\"true\" aria-invalid=\"false\" value=\"\" type=\"text\" name=\"your-name\" \/><\/span> <\/label>\n<\/p>\n<p><label> Empresa<br \/>\n<span class=\"wpcf7-form-control-wrap\" data-name=\"your-empresa\"><input size=\"40\" class=\"wpcf7-form-control wpcf7-text wpcf7-validates-as-required\" autocomplete=\"empresa\" aria-required=\"true\" aria-invalid=\"false\" value=\"\" type=\"text\" name=\"your-empresa\" \/><\/span> <\/label>\n<\/p>\n<p><label> Pa\u00eds<br \/>\n<span class=\"wpcf7-form-control-wrap\" data-name=\"your-pais\"><input size=\"40\" class=\"wpcf7-form-control wpcf7-text wpcf7-validates-as-required\" autocomplete=\"pais\" aria-required=\"true\" aria-invalid=\"false\" value=\"\" type=\"text\" name=\"your-pais\" \/><\/span> <\/label>\n<\/p>\n<p><label> Ciudad<br \/>\n<span class=\"wpcf7-form-control-wrap\" data-name=\"your-ciudad\"><input size=\"40\" class=\"wpcf7-form-control wpcf7-text wpcf7-validates-as-required\" autocomplete=\"ciudad\" aria-required=\"true\" aria-invalid=\"false\" value=\"\" type=\"text\" name=\"your-ciudad\" \/><\/span> <\/label>\n<\/p>\n<p><label> Tel\u00e9fono<br \/>\n<span class=\"wpcf7-form-control-wrap\" data-name=\"your-telefono\"><input size=\"40\" class=\"wpcf7-form-control wpcf7-text wpcf7-validates-as-required\" autocomplete=\"telefono\" aria-required=\"true\" aria-invalid=\"false\" value=\"\" type=\"text\" name=\"your-telefono\" \/><\/span> <\/label>\n<\/p>\n<p><label> Tu correo electr\u00f3nico<br \/>\n<span class=\"wpcf7-form-control-wrap\" data-name=\"your-email\"><input size=\"40\" class=\"wpcf7-form-control wpcf7-email wpcf7-validates-as-required wpcf7-text wpcf7-validates-as-email\" autocomplete=\"email\" aria-required=\"true\" aria-invalid=\"false\" value=\"\" type=\"email\" name=\"your-email\" \/><\/span> <\/label>\n<\/p>\n<p><label> Comentario<br \/>\n<span class=\"wpcf7-form-control-wrap\" data-name=\"your-message\"><textarea cols=\"40\" rows=\"10\" class=\"wpcf7-form-control wpcf7-textarea\" aria-invalid=\"false\" name=\"your-message\"><\/textarea><\/span> <\/label>\n<\/p>\n<p><input class=\"wpcf7-form-control wpcf7-submit has-spinner\" type=\"submit\" value=\"Enviar\" \/>\n<\/p><div class=\"wpcf7-response-output\" aria-hidden=\"true\"><\/div>\n<\/form>\n<\/div>\n\n","protected":false},"excerpt":{"rendered":"<p>Datos de contacto Tel\u00e9fonos Oficinas:55 55 38 38 6755 55 19 63 17 Planta 722 932 77 32 Distribuci\u00f3n Occidente 33 1594 52 24 Correo:&nbsp;ventas@adiplast.com PlantaBenito Ju\u00e1rez #411, 50200 San Nicol\u00e1s Tolentino, M\u00e9x. Centro de Distribuci\u00f3n OccidenteGeneral Eulogio Parra No. 1478 Col. Santa Teresita , 44600. Escr\u00edbenos y nos pondremos en contacto contigo<\/p>\n","protected":false},"author":1,"featured_media":0,"parent":0,"menu_order":0,"comment_status":"closed","ping_status":"closed","template":"","meta":{"footnotes":""},"class_list":["post-22","page","type-page","status-publish","hentry"],"_links":{"self":[{"href":"https:\/\/adiplast.com\/sitionuevo\/wordpress\/wp-json\/wp\/v2\/pages\/22","targetHints":{"allow":["GET"]}}],"collection":[{"href":"https:\/\/adiplast.com\/sitionuevo\/wordpress\/wp-json\/wp\/v2\/pages"}],"about":[{"href":"https:\/\/adiplast.com\/sitionuevo\/wordpress\/wp-json\/wp\/v2\/types\/page"}],"author":[{"embeddable":true,"href":"https:\/\/adiplast.com\/sitionuevo\/wordpress\/wp-json\/wp\/v2\/users\/1"}],"replies":[{"embeddable":true,"href":"https:\/\/adiplast.com\/sitionuevo\/wordpress\/wp-json\/wp\/v2\/comments?post=22"}],"version-history":[{"count":57,"href":"https:\/\/adiplast.com\/sitionuevo\/wordpress\/wp-json\/wp\/v2\/pages\/22\/revisions"}],"predecessor-version":[{"id":1792,"href":"https:\/\/adiplast.com\/sitionuevo\/wordpress\/wp-json\/wp\/v2\/pages\/22\/revisions\/1792"}],"wp:attachment":[{"href":"https:\/\/adiplast.com\/sitionuevo\/wordpress\/wp-json\/wp\/v2\/media?parent=22"}],"curies":[{"name":"wp","href":"https:\/\/api.w.org\/{rel}","templated":true}]}}