{"id":21,"date":"2021-05-28T19:54:27","date_gmt":"2021-05-28T19:54:27","guid":{"rendered":"http:\/\/adiplast.com\/sitionuevo\/wordpress\/?page_id=21"},"modified":"2024-09-13T15:18:27","modified_gmt":"2024-09-13T15:18:27","slug":"productos","status":"publish","type":"page","link":"https:\/\/adiplast.com\/sitionuevo\/wordpress\/productos\/","title":{"rendered":"Productos"},"content":{"rendered":"\n<h1 class=\"wp-block-heading has-text-align-center has-text-color\" id=\"conoce-todos-nuestros-productos-que-tenemos-para-ti\" style=\"color:#214087\"><strong>Conoce nuestros productos<\/strong><\/h1>\n\n\n\n<div class=\"wp-block-columns is-layout-flex wp-container-core-columns-is-layout-1 wp-block-columns-is-layout-flex\">\n<div class=\"wp-block-column is-layout-flow wp-block-column-is-layout-flow\">\n<figure class=\"wp-block-image size-full is-style-default\"><a href=\"masterbatch\"><img loading=\"lazy\" decoding=\"async\" width=\"561\" height=\"561\" src=\"http:\/\/adiplast.com\/sitionuevo\/wordpress\/wp-content\/uploads\/2022\/04\/Recurso-14-100.jpg\" alt=\"\" class=\"wp-image-917\" srcset=\"https:\/\/adiplast.com\/sitionuevo\/wordpress\/wp-content\/uploads\/2022\/04\/Recurso-14-100.jpg 561w, https:\/\/adiplast.com\/sitionuevo\/wordpress\/wp-content\/uploads\/2022\/04\/Recurso-14-100-120x120.jpg 120w, https:\/\/adiplast.com\/sitionuevo\/wordpress\/wp-content\/uploads\/2022\/04\/Recurso-14-100-105x105.jpg 105w, https:\/\/adiplast.com\/sitionuevo\/wordpress\/wp-content\/uploads\/2022\/04\/Recurso-14-100-380x380.jpg 380w, https:\/\/adiplast.com\/sitionuevo\/wordpress\/wp-content\/uploads\/2022\/04\/Recurso-14-100-285x285.jpg 285w\" sizes=\"auto, (max-width: 561px) 100vw, 561px\" \/><\/a><\/figure>\n\n\n\n<h3 class=\"wp-block-heading has-text-align-center\" id=\"masterbatch\">Masterbatch<\/h3>\n<\/div>\n\n\n\n<div class=\"wp-block-column is-layout-flow wp-block-column-is-layout-flow\">\n<figure class=\"wp-block-image size-full is-style-default\"><a href=\"plasticos\"><img loading=\"lazy\" decoding=\"async\" width=\"561\" height=\"561\" src=\"http:\/\/adiplast.com\/sitionuevo\/wordpress\/wp-content\/uploads\/2022\/04\/Recurso-15-100.jpg\" alt=\"\" class=\"wp-image-919\" srcset=\"https:\/\/adiplast.com\/sitionuevo\/wordpress\/wp-content\/uploads\/2022\/04\/Recurso-15-100.jpg 561w, https:\/\/adiplast.com\/sitionuevo\/wordpress\/wp-content\/uploads\/2022\/04\/Recurso-15-100-120x120.jpg 120w, https:\/\/adiplast.com\/sitionuevo\/wordpress\/wp-content\/uploads\/2022\/04\/Recurso-15-100-105x105.jpg 105w, https:\/\/adiplast.com\/sitionuevo\/wordpress\/wp-content\/uploads\/2022\/04\/Recurso-15-100-380x380.jpg 380w, https:\/\/adiplast.com\/sitionuevo\/wordpress\/wp-content\/uploads\/2022\/04\/Recurso-15-100-285x285.jpg 285w\" sizes=\"auto, (max-width: 561px) 100vw, 561px\" \/><\/a><\/figure>\n\n\n\n<h3 class=\"wp-block-heading has-text-align-center\" id=\"plasticos\">Pl\u00e1sticos<\/h3>\n<\/div>\n\n\n\n<div class=\"wp-block-column is-layout-flow wp-block-column-is-layout-flow\">\n<figure class=\"wp-block-image size-full is-style-default\"><a href=\"pvc\"><img loading=\"lazy\" decoding=\"async\" width=\"561\" height=\"561\" src=\"http:\/\/adiplast.com\/sitionuevo\/wordpress\/wp-content\/uploads\/2022\/04\/Recurso-16-100.jpg\" alt=\"\" class=\"wp-image-921\" srcset=\"https:\/\/adiplast.com\/sitionuevo\/wordpress\/wp-content\/uploads\/2022\/04\/Recurso-16-100.jpg 561w, https:\/\/adiplast.com\/sitionuevo\/wordpress\/wp-content\/uploads\/2022\/04\/Recurso-16-100-120x120.jpg 120w, https:\/\/adiplast.com\/sitionuevo\/wordpress\/wp-content\/uploads\/2022\/04\/Recurso-16-100-105x105.jpg 105w, https:\/\/adiplast.com\/sitionuevo\/wordpress\/wp-content\/uploads\/2022\/04\/Recurso-16-100-380x380.jpg 380w, https:\/\/adiplast.com\/sitionuevo\/wordpress\/wp-content\/uploads\/2022\/04\/Recurso-16-100-285x285.jpg 285w\" sizes=\"auto, (max-width: 561px) 100vw, 561px\" \/><\/a><\/figure>\n\n\n\n<h3 class=\"wp-block-heading has-text-align-center\" id=\"pvc\">PVC<\/h3>\n<\/div>\n<\/div>\n\n\n\n<div class=\"wp-block-columns is-layout-flex wp-container-core-columns-is-layout-2 wp-block-columns-is-layout-flex\">\n<div class=\"wp-block-column is-layout-flow wp-block-column-is-layout-flow\">\n<figure class=\"wp-block-image size-full is-style-default\"><a href=\"adhesivos\"><img loading=\"lazy\" decoding=\"async\" width=\"561\" height=\"561\" src=\"http:\/\/adiplast.com\/sitionuevo\/wordpress\/wp-content\/uploads\/2022\/04\/Recurso-17-100.jpg\" alt=\"\" class=\"wp-image-923\" srcset=\"https:\/\/adiplast.com\/sitionuevo\/wordpress\/wp-content\/uploads\/2022\/04\/Recurso-17-100.jpg 561w, https:\/\/adiplast.com\/sitionuevo\/wordpress\/wp-content\/uploads\/2022\/04\/Recurso-17-100-120x120.jpg 120w, https:\/\/adiplast.com\/sitionuevo\/wordpress\/wp-content\/uploads\/2022\/04\/Recurso-17-100-105x105.jpg 105w, https:\/\/adiplast.com\/sitionuevo\/wordpress\/wp-content\/uploads\/2022\/04\/Recurso-17-100-380x380.jpg 380w, https:\/\/adiplast.com\/sitionuevo\/wordpress\/wp-content\/uploads\/2022\/04\/Recurso-17-100-285x285.jpg 285w\" sizes=\"auto, (max-width: 561px) 100vw, 561px\" \/><\/a><\/figure>\n\n\n\n<h3 class=\"wp-block-heading has-text-align-center\" id=\"adhesivos\">Adhesivos<\/h3>\n<\/div>\n\n\n\n<div class=\"wp-block-column is-layout-flow wp-block-column-is-layout-flow\">\n<figure class=\"wp-block-image size-full is-style-default\"><a href=\"escolares\"><img loading=\"lazy\" decoding=\"async\" width=\"561\" height=\"561\" src=\"http:\/\/adiplast.com\/sitionuevo\/wordpress\/wp-content\/uploads\/2022\/04\/Recurso-18-100.jpg\" alt=\"\" class=\"wp-image-925\" srcset=\"https:\/\/adiplast.com\/sitionuevo\/wordpress\/wp-content\/uploads\/2022\/04\/Recurso-18-100.jpg 561w, https:\/\/adiplast.com\/sitionuevo\/wordpress\/wp-content\/uploads\/2022\/04\/Recurso-18-100-120x120.jpg 120w, https:\/\/adiplast.com\/sitionuevo\/wordpress\/wp-content\/uploads\/2022\/04\/Recurso-18-100-105x105.jpg 105w, https:\/\/adiplast.com\/sitionuevo\/wordpress\/wp-content\/uploads\/2022\/04\/Recurso-18-100-380x380.jpg 380w, https:\/\/adiplast.com\/sitionuevo\/wordpress\/wp-content\/uploads\/2022\/04\/Recurso-18-100-285x285.jpg 285w\" sizes=\"auto, (max-width: 561px) 100vw, 561px\" \/><\/a><\/figure>\n\n\n\n<h3 class=\"wp-block-heading has-text-align-center\" id=\"escolares\">Escolares<\/h3>\n<\/div>\n\n\n\n<div class=\"wp-block-column is-layout-flow wp-block-column-is-layout-flow\">\n<figure class=\"wp-block-image size-full is-style-default\"><a href=\"velas\"><img loading=\"lazy\" decoding=\"async\" width=\"561\" height=\"561\" src=\"http:\/\/adiplast.com\/sitionuevo\/wordpress\/wp-content\/uploads\/2022\/04\/Recurso-20-100.jpg\" alt=\"\" class=\"wp-image-927\" srcset=\"https:\/\/adiplast.com\/sitionuevo\/wordpress\/wp-content\/uploads\/2022\/04\/Recurso-20-100.jpg 561w, https:\/\/adiplast.com\/sitionuevo\/wordpress\/wp-content\/uploads\/2022\/04\/Recurso-20-100-120x120.jpg 120w, https:\/\/adiplast.com\/sitionuevo\/wordpress\/wp-content\/uploads\/2022\/04\/Recurso-20-100-105x105.jpg 105w, https:\/\/adiplast.com\/sitionuevo\/wordpress\/wp-content\/uploads\/2022\/04\/Recurso-20-100-380x380.jpg 380w, https:\/\/adiplast.com\/sitionuevo\/wordpress\/wp-content\/uploads\/2022\/04\/Recurso-20-100-285x285.jpg 285w\" sizes=\"auto, (max-width: 561px) 100vw, 561px\" \/><\/a><\/figure>\n\n\n\n<h3 class=\"wp-block-heading has-text-align-center\" id=\"velas\">Velas<\/h3>\n<\/div>\n<\/div>\n\n\n\n<div class=\"wp-block-columns is-layout-flex wp-container-core-columns-is-layout-3 wp-block-columns-is-layout-flex\">\n<div class=\"wp-block-column is-layout-flow wp-block-column-is-layout-flow\">\n<figure class=\"wp-block-image size-full is-style-default\"><a href=\"hule\"><img loading=\"lazy\" decoding=\"async\" width=\"561\" height=\"561\" src=\"http:\/\/adiplast.com\/sitionuevo\/wordpress\/wp-content\/uploads\/2022\/04\/Recurso-21-100.jpg\" alt=\"\" class=\"wp-image-929\" srcset=\"https:\/\/adiplast.com\/sitionuevo\/wordpress\/wp-content\/uploads\/2022\/04\/Recurso-21-100.jpg 561w, https:\/\/adiplast.com\/sitionuevo\/wordpress\/wp-content\/uploads\/2022\/04\/Recurso-21-100-120x120.jpg 120w, https:\/\/adiplast.com\/sitionuevo\/wordpress\/wp-content\/uploads\/2022\/04\/Recurso-21-100-105x105.jpg 105w, https:\/\/adiplast.com\/sitionuevo\/wordpress\/wp-content\/uploads\/2022\/04\/Recurso-21-100-380x380.jpg 380w, https:\/\/adiplast.com\/sitionuevo\/wordpress\/wp-content\/uploads\/2022\/04\/Recurso-21-100-285x285.jpg 285w\" sizes=\"auto, (max-width: 561px) 100vw, 561px\" \/><\/a><\/figure>\n\n\n\n<h3 class=\"wp-block-heading has-text-align-center\" id=\"hule\">Hule<\/h3>\n<\/div>\n\n\n\n<div class=\"wp-block-column is-layout-flow wp-block-column-is-layout-flow\">\n<figure class=\"wp-block-image size-full is-style-default\"><a href=\"recubrimientos\"><img loading=\"lazy\" decoding=\"async\" width=\"561\" height=\"561\" src=\"http:\/\/adiplast.com\/sitionuevo\/wordpress\/wp-content\/uploads\/2022\/04\/Recurso-22-100.jpg\" alt=\"\" class=\"wp-image-931\" srcset=\"https:\/\/adiplast.com\/sitionuevo\/wordpress\/wp-content\/uploads\/2022\/04\/Recurso-22-100.jpg 561w, https:\/\/adiplast.com\/sitionuevo\/wordpress\/wp-content\/uploads\/2022\/04\/Recurso-22-100-120x120.jpg 120w, https:\/\/adiplast.com\/sitionuevo\/wordpress\/wp-content\/uploads\/2022\/04\/Recurso-22-100-105x105.jpg 105w, https:\/\/adiplast.com\/sitionuevo\/wordpress\/wp-content\/uploads\/2022\/04\/Recurso-22-100-380x380.jpg 380w, https:\/\/adiplast.com\/sitionuevo\/wordpress\/wp-content\/uploads\/2022\/04\/Recurso-22-100-285x285.jpg 285w\" sizes=\"auto, (max-width: 561px) 100vw, 561px\" \/><\/a><\/figure>\n\n\n\n<h3 class=\"wp-block-heading has-text-align-center\" id=\"recubrimientos\">Recubrimientos<\/h3>\n<\/div>\n\n\n\n<div class=\"wp-block-column is-layout-flow wp-block-column-is-layout-flow\">\n<figure class=\"wp-block-image size-full is-style-default\"><a href=\"tintas\"><img loading=\"lazy\" decoding=\"async\" width=\"561\" height=\"561\" src=\"http:\/\/adiplast.com\/sitionuevo\/wordpress\/wp-content\/uploads\/2022\/04\/Recurso-23-100.jpg\" alt=\"\" class=\"wp-image-933\" srcset=\"https:\/\/adiplast.com\/sitionuevo\/wordpress\/wp-content\/uploads\/2022\/04\/Recurso-23-100.jpg 561w, https:\/\/adiplast.com\/sitionuevo\/wordpress\/wp-content\/uploads\/2022\/04\/Recurso-23-100-120x120.jpg 120w, https:\/\/adiplast.com\/sitionuevo\/wordpress\/wp-content\/uploads\/2022\/04\/Recurso-23-100-105x105.jpg 105w, https:\/\/adiplast.com\/sitionuevo\/wordpress\/wp-content\/uploads\/2022\/04\/Recurso-23-100-380x380.jpg 380w, https:\/\/adiplast.com\/sitionuevo\/wordpress\/wp-content\/uploads\/2022\/04\/Recurso-23-100-285x285.jpg 285w\" sizes=\"auto, (max-width: 561px) 100vw, 561px\" \/><\/a><\/figure>\n\n\n\n<h3 class=\"wp-block-heading has-text-align-center\" id=\"tintas\">Tintas<\/h3>\n<\/div>\n<\/div>\n\n\n\n<div class=\"wp-block-columns is-layout-flex wp-container-core-columns-is-layout-4 wp-block-columns-is-layout-flex\">\n<div class=\"wp-block-column is-layout-flow wp-block-column-is-layout-flow\">\n<figure class=\"wp-block-image size-full is-style-default\"><a href=\"pinturas\"><img loading=\"lazy\" decoding=\"async\" width=\"561\" height=\"561\" src=\"http:\/\/adiplast.com\/sitionuevo\/wordpress\/wp-content\/uploads\/2022\/04\/Recurso-25-100.jpg\" alt=\"\" class=\"wp-image-935\" srcset=\"https:\/\/adiplast.com\/sitionuevo\/wordpress\/wp-content\/uploads\/2022\/04\/Recurso-25-100.jpg 561w, https:\/\/adiplast.com\/sitionuevo\/wordpress\/wp-content\/uploads\/2022\/04\/Recurso-25-100-120x120.jpg 120w, https:\/\/adiplast.com\/sitionuevo\/wordpress\/wp-content\/uploads\/2022\/04\/Recurso-25-100-105x105.jpg 105w, https:\/\/adiplast.com\/sitionuevo\/wordpress\/wp-content\/uploads\/2022\/04\/Recurso-25-100-380x380.jpg 380w, https:\/\/adiplast.com\/sitionuevo\/wordpress\/wp-content\/uploads\/2022\/04\/Recurso-25-100-285x285.jpg 285w\" sizes=\"auto, (max-width: 561px) 100vw, 561px\" \/><\/a><\/figure>\n\n\n\n<h3 class=\"wp-block-heading has-text-align-center\" id=\"pinturas\">Pinturas<\/h3>\n<\/div>\n\n\n\n<div class=\"wp-block-column is-layout-flow wp-block-column-is-layout-flow\">\n<figure class=\"wp-block-image size-full is-style-default\"><a href=\"cosmeticos\"><img loading=\"lazy\" decoding=\"async\" width=\"561\" height=\"561\" src=\"http:\/\/adiplast.com\/sitionuevo\/wordpress\/wp-content\/uploads\/2022\/04\/Recurso-26-100.jpg\" alt=\"\" class=\"wp-image-937\" srcset=\"https:\/\/adiplast.com\/sitionuevo\/wordpress\/wp-content\/uploads\/2022\/04\/Recurso-26-100.jpg 561w, https:\/\/adiplast.com\/sitionuevo\/wordpress\/wp-content\/uploads\/2022\/04\/Recurso-26-100-120x120.jpg 120w, https:\/\/adiplast.com\/sitionuevo\/wordpress\/wp-content\/uploads\/2022\/04\/Recurso-26-100-105x105.jpg 105w, https:\/\/adiplast.com\/sitionuevo\/wordpress\/wp-content\/uploads\/2022\/04\/Recurso-26-100-380x380.jpg 380w, https:\/\/adiplast.com\/sitionuevo\/wordpress\/wp-content\/uploads\/2022\/04\/Recurso-26-100-285x285.jpg 285w\" sizes=\"auto, (max-width: 561px) 100vw, 561px\" \/><\/a><\/figure>\n\n\n\n<h3 class=\"wp-block-heading has-text-align-center\" id=\"cosmeticos\">Cosm\u00e9ticos<\/h3>\n<\/div>\n\n\n\n<div class=\"wp-block-column is-layout-flow wp-block-column-is-layout-flow\">\n<figure class=\"wp-block-image size-full is-style-default\"><a href=\"multiusos\"><img loading=\"lazy\" decoding=\"async\" width=\"561\" height=\"561\" src=\"http:\/\/adiplast.com\/sitionuevo\/wordpress\/wp-content\/uploads\/2022\/04\/Recurso-28-100.jpg\" alt=\"\" class=\"wp-image-938\" srcset=\"https:\/\/adiplast.com\/sitionuevo\/wordpress\/wp-content\/uploads\/2022\/04\/Recurso-28-100.jpg 561w, https:\/\/adiplast.com\/sitionuevo\/wordpress\/wp-content\/uploads\/2022\/04\/Recurso-28-100-120x120.jpg 120w, https:\/\/adiplast.com\/sitionuevo\/wordpress\/wp-content\/uploads\/2022\/04\/Recurso-28-100-105x105.jpg 105w, https:\/\/adiplast.com\/sitionuevo\/wordpress\/wp-content\/uploads\/2022\/04\/Recurso-28-100-380x380.jpg 380w, https:\/\/adiplast.com\/sitionuevo\/wordpress\/wp-content\/uploads\/2022\/04\/Recurso-28-100-285x285.jpg 285w\" sizes=\"auto, (max-width: 561px) 100vw, 561px\" \/><\/a><\/figure>\n\n\n\n<h3 class=\"wp-block-heading has-text-align-center\" id=\"multiusos\">Multiusos<\/h3>\n<\/div>\n<\/div>\n\n\n\n<div class=\"wp-block-columns is-layout-flex wp-container-core-columns-is-layout-5 wp-block-columns-is-layout-flex\">\n<div class=\"wp-block-column is-layout-flow wp-block-column-is-layout-flow\">\n<figure class=\"wp-block-image size-full is-style-default\"><a href=\"parafinas\"><img loading=\"lazy\" decoding=\"async\" width=\"561\" height=\"561\" src=\"http:\/\/adiplast.com\/sitionuevo\/wordpress\/wp-content\/uploads\/2022\/04\/Recurso-30-100.jpg\" alt=\"\" class=\"wp-image-940\" srcset=\"https:\/\/adiplast.com\/sitionuevo\/wordpress\/wp-content\/uploads\/2022\/04\/Recurso-30-100.jpg 561w, https:\/\/adiplast.com\/sitionuevo\/wordpress\/wp-content\/uploads\/2022\/04\/Recurso-30-100-120x120.jpg 120w, https:\/\/adiplast.com\/sitionuevo\/wordpress\/wp-content\/uploads\/2022\/04\/Recurso-30-100-105x105.jpg 105w, https:\/\/adiplast.com\/sitionuevo\/wordpress\/wp-content\/uploads\/2022\/04\/Recurso-30-100-380x380.jpg 380w, https:\/\/adiplast.com\/sitionuevo\/wordpress\/wp-content\/uploads\/2022\/04\/Recurso-30-100-285x285.jpg 285w\" sizes=\"auto, (max-width: 561px) 100vw, 561px\" \/><\/a><\/figure>\n\n\n\n<h3 class=\"wp-block-heading has-text-align-center\" id=\"parafinas\">Parafinas<\/h3>\n<\/div>\n\n\n\n<div class=\"wp-block-column is-layout-flow wp-block-column-is-layout-flow\">\n<figure class=\"wp-block-image size-full\"><a href=\"ceras-organicas\"><img loading=\"lazy\" decoding=\"async\" width=\"561\" height=\"561\" src=\"http:\/\/adiplast.com\/sitionuevo\/wordpress\/wp-content\/uploads\/2022\/04\/Recurso-31-100.jpg\" alt=\"\" class=\"wp-image-942\" srcset=\"https:\/\/adiplast.com\/sitionuevo\/wordpress\/wp-content\/uploads\/2022\/04\/Recurso-31-100.jpg 561w, https:\/\/adiplast.com\/sitionuevo\/wordpress\/wp-content\/uploads\/2022\/04\/Recurso-31-100-120x120.jpg 120w, https:\/\/adiplast.com\/sitionuevo\/wordpress\/wp-content\/uploads\/2022\/04\/Recurso-31-100-105x105.jpg 105w, https:\/\/adiplast.com\/sitionuevo\/wordpress\/wp-content\/uploads\/2022\/04\/Recurso-31-100-380x380.jpg 380w, https:\/\/adiplast.com\/sitionuevo\/wordpress\/wp-content\/uploads\/2022\/04\/Recurso-31-100-285x285.jpg 285w\" sizes=\"auto, (max-width: 561px) 100vw, 561px\" \/><\/a><\/figure>\n\n\n\n<h3 class=\"wp-block-heading has-text-align-center\">Ceras Org\u00e1nicas<\/h3>\n<\/div>\n\n\n\n<div class=\"wp-block-column is-layout-flow wp-block-column-is-layout-flow\">\n<figure class=\"wp-block-image size-full\"><a href=\"pigmentos\"><img loading=\"lazy\" decoding=\"async\" width=\"561\" height=\"561\" src=\"http:\/\/adiplast.com\/sitionuevo\/wordpress\/wp-content\/uploads\/2022\/04\/Recurso-32-100.jpg\" alt=\"\" class=\"wp-image-943\" srcset=\"https:\/\/adiplast.com\/sitionuevo\/wordpress\/wp-content\/uploads\/2022\/04\/Recurso-32-100.jpg 561w, https:\/\/adiplast.com\/sitionuevo\/wordpress\/wp-content\/uploads\/2022\/04\/Recurso-32-100-120x120.jpg 120w, https:\/\/adiplast.com\/sitionuevo\/wordpress\/wp-content\/uploads\/2022\/04\/Recurso-32-100-105x105.jpg 105w, https:\/\/adiplast.com\/sitionuevo\/wordpress\/wp-content\/uploads\/2022\/04\/Recurso-32-100-380x380.jpg 380w, https:\/\/adiplast.com\/sitionuevo\/wordpress\/wp-content\/uploads\/2022\/04\/Recurso-32-100-285x285.jpg 285w\" sizes=\"auto, (max-width: 561px) 100vw, 561px\" \/><\/a><\/figure>\n\n\n\n<h3 class=\"wp-block-heading has-text-align-center\">Pigmentos<\/h3>\n<\/div>\n<\/div>\n\n\n\n<div class=\"wp-block-columns is-layout-flex wp-container-core-columns-is-layout-6 wp-block-columns-is-layout-flex\">\n<div class=\"wp-block-column is-layout-flow wp-block-column-is-layout-flow\">\n<figure class=\"wp-block-image size-full is-style-default\"><a href=\"http:\/\/adiplast.com\/sitionuevo\/wordpress\/productos\/otros-aditivos\/\"><img loading=\"lazy\" decoding=\"async\" width=\"562\" height=\"562\" src=\"http:\/\/adiplast.com\/sitionuevo\/wordpress\/wp-content\/uploads\/2023\/09\/Recurso-15-100.jpg\" alt=\"\" class=\"wp-image-1183\" srcset=\"https:\/\/adiplast.com\/sitionuevo\/wordpress\/wp-content\/uploads\/2023\/09\/Recurso-15-100.jpg 562w, https:\/\/adiplast.com\/sitionuevo\/wordpress\/wp-content\/uploads\/2023\/09\/Recurso-15-100-120x120.jpg 120w, https:\/\/adiplast.com\/sitionuevo\/wordpress\/wp-content\/uploads\/2023\/09\/Recurso-15-100-105x105.jpg 105w, https:\/\/adiplast.com\/sitionuevo\/wordpress\/wp-content\/uploads\/2023\/09\/Recurso-15-100-380x380.jpg 380w, https:\/\/adiplast.com\/sitionuevo\/wordpress\/wp-content\/uploads\/2023\/09\/Recurso-15-100-285x285.jpg 285w\" sizes=\"auto, (max-width: 562px) 100vw, 562px\" \/><\/a><\/figure>\n\n\n\n<h3 class=\"wp-block-heading has-text-align-center\" id=\"parafinas\">Otros Aditivos<\/h3>\n<\/div>\n\n\n\n<div class=\"wp-block-column is-layout-flow wp-block-column-is-layout-flow\">\n<figure class=\"wp-block-gallery has-nested-images columns-default is-cropped wp-block-gallery-1 is-layout-flex wp-block-gallery-is-layout-flex\">\n<figure class=\"wp-block-image size-full\"><a href=\"https:\/\/adiplast.com\/sitionuevo\/wordpress\/sanitizantes-geles\/\"><img loading=\"lazy\" decoding=\"async\" width=\"431\" height=\"416\" src=\"https:\/\/adiplast.com\/sitionuevo\/wordpress\/wp-content\/uploads\/2024\/05\/SUSTT-1-e1717025998612.jpg\" alt=\"\" class=\"wp-image-1593\"\/><\/a><\/figure>\n<\/figure>\n\n\n\n<h3 class=\"wp-block-heading has-text-align-center\">Nuevos Productos<\/h3>\n<\/div>\n\n\n\n<div class=\"wp-block-column is-layout-flow wp-block-column-is-layout-flow\">\n<h3 class=\"wp-block-heading has-text-align-center\"><\/h3>\n<\/div>\n<\/div>\n\n\n\n<p><\/p>\n","protected":false},"excerpt":{"rendered":"<p>Conoce nuestros productos Masterbatch Pl\u00e1sticos PVC Adhesivos Escolares Velas Hule Recubrimientos Tintas Pinturas Cosm\u00e9ticos Multiusos Parafinas Ceras Org\u00e1nicas Pigmentos Otros Aditivos Nuevos Productos<\/p>\n","protected":false},"author":1,"featured_media":0,"parent":0,"menu_order":0,"comment_status":"closed","ping_status":"closed","template":"","meta":{"footnotes":""},"class_list":["post-21","page","type-page","status-publish","hentry"],"_links":{"self":[{"href":"https:\/\/adiplast.com\/sitionuevo\/wordpress\/wp-json\/wp\/v2\/pages\/21","targetHints":{"allow":["GET"]}}],"collection":[{"href":"https:\/\/adiplast.com\/sitionuevo\/wordpress\/wp-json\/wp\/v2\/pages"}],"about":[{"href":"https:\/\/adiplast.com\/sitionuevo\/wordpress\/wp-json\/wp\/v2\/types\/page"}],"author":[{"embeddable":true,"href":"https:\/\/adiplast.com\/sitionuevo\/wordpress\/wp-json\/wp\/v2\/users\/1"}],"replies":[{"embeddable":true,"href":"https:\/\/adiplast.com\/sitionuevo\/wordpress\/wp-json\/wp\/v2\/comments?post=21"}],"version-history":[{"count":100,"href":"https:\/\/adiplast.com\/sitionuevo\/wordpress\/wp-json\/wp\/v2\/pages\/21\/revisions"}],"predecessor-version":[{"id":1834,"href":"https:\/\/adiplast.com\/sitionuevo\/wordpress\/wp-json\/wp\/v2\/pages\/21\/revisions\/1834"}],"wp:attachment":[{"href":"https:\/\/adiplast.com\/sitionuevo\/wordpress\/wp-json\/wp\/v2\/media?parent=21"}],"curies":[{"name":"wp","href":"https:\/\/api.w.org\/{rel}","templated":true}]}}