{"id":1016,"date":"2023-05-26T22:39:17","date_gmt":"2023-05-26T22:39:17","guid":{"rendered":"http:\/\/adiplast.com\/sitionuevo\/wordpress\/?page_id=1016"},"modified":"2024-12-04T14:50:37","modified_gmt":"2024-12-04T14:50:37","slug":"otros-aditivos","status":"publish","type":"page","link":"https:\/\/adiplast.com\/sitionuevo\/wordpress\/productos\/otros-aditivos\/","title":{"rendered":"Otros Aditivos"},"content":{"rendered":"\n<p class=\"has-medium-font-size\">Usualmente los pol\u00edmeros necesitan la ayuda de uno o m\u00e1s aditivos o modificadores para cumplir con su funci\u00f3n, ya que estos son capaces de cambiar la forma y mejorar las propiedades f\u00edsicas de los materiales pl\u00e1sticos. Adiplast tiene una amplia gama de aditivos destac\u00e1ndose los siguientes:&nbsp;<\/p>\n\n\n\n<p class=\"has-medium-font-size\">Estearato de Calcio, es un material ceroso con baja solubilidad en agua, algunas de sus aplicaciones en la industria de los pl\u00e1sticos son que sirve como neutralizador o eliminador de \u00e1cido, otro de sus principales usos en el procesamiento del PCV como agente deslizante que tiene propiedades de lubricante, tambi\u00e9n se puede usar en concentrados de colorantes pl\u00e1sticos para mejorar la humectaci\u00f3n de los pigmentos.&nbsp;<\/p>\n\n\n\n<p class=\"has-medium-font-size\">Estearato de Zinc, es una sal met\u00e1lica que repele al agua, sus principales \u00e1reas de aplicaci\u00f3n son en la industria del pl\u00e1stico y el caucho donde se utiliza como desmoldante y lubricante de f\u00e1cil incorporaci\u00f3n.&nbsp;<\/p>\n\n\n\n<p class=\"has-medium-font-size\">Aditivo para control de humedad residual en resinas pl\u00e1sticas, es utilizado para minimizar o eliminar la humedad en un material pl\u00e1stico durante su procesamiento. Es un agente avanzado de secado que se usa para remover humedad en pol\u00edmeros v\u00edrgenes y reciclados; de hecho, reaccionar\u00e1 muy eficientemente a\u00fan a muy bajas concentraciones de humedad residual, evitando los problemas m\u00e1s comunes en el acabado de las piezas pl\u00e1sticas tales como los bl\u00edster o ampolla, eflorescencia, caleo, decoloraci\u00f3n, r\u00e1fagas, etc. <\/p>\n\n\n\n<p class=\"has-medium-font-size\">Los retardantes de flama son mezclas de productos qu\u00edmicos que\u00a0se a\u00f1aden a gran cantidad de productos de consumo como los pl\u00e1sticos, textiles y equipos electr\u00f3nicos, con el objetivo de reducir su inflamabilidad. Dado que no est\u00e1n unidos qu\u00edmicamente a los pol\u00edmeros, pueden filtrarse al medio ambiente.<\/p>\n\n\n\n<p><\/p>\n\n\n\n<div class=\"wp-block-columns are-vertically-aligned-center has-background is-layout-flex wp-container-core-columns-is-layout-1 wp-block-columns-is-layout-flex\" style=\"background-color:#f6f6f6\">\n<div class=\"wp-block-column is-vertically-aligned-center is-layout-flow wp-block-column-is-layout-flow\" style=\"flex-basis:66.66%\">\n\t\t<!-- MasterSlider -->\n\t\t<div id=\"P_MS69e354561205b\" class=\"master-slider-parent msl ms-parent-id-67\" style=\"max-width:800px;\">\n\n\t\t\t\n\t\t\t<!-- MasterSlider Main -->\n\t\t\t<div id=\"MS69e354561205b\" class=\"master-slider ms-skin-default\" >\n\t\t\t\t \t\t\t\t \n\t\t\t\t<div  class=\"ms-slide\" data-delay=\"3\" data-fill-mode=\"fill\"  >\n\t\t\t\t\t<img decoding=\"async\" src=\"https:\/\/adiplast.com\/sitionuevo\/wordpress\/wp-content\/plugins\/master-slider\/public\/assets\/css\/blank.gif\" alt=\"\" title=\"\" data-src=\"https:\/\/adiplast.com\/sitionuevo\/wordpress\/wp-content\/uploads\/2023\/05\/Estearato_de_Calcio_mini-scaled.jpg\" \/>\n\n\n\t<div class=\"ms-thumb\" ><div class=\"ms-tab-context\"><div class=&quot;ms-tab-context&quot;><\/div><\/div>\n<\/div>\n\t\t\t\t<\/div>\n\n\t\t\t<\/div>\n\t\t\t<!-- END MasterSlider Main -->\n\n\t\t\t \n\t\t<\/div>\n\t\t<!-- END MasterSlider -->\n\n\t\t<script>\n\t\t(function ( $ ) {\n\t\t\t\"use strict\";\n\n\t\t\t$(function () {\n\t\t\t\tvar masterslider_205b = new MasterSlider();\n\n\t\t\t\t\/\/ slider controls\n\n\t\t\t\t\/\/ slider setup\n\t\t\t\tmasterslider_205b.setup(\"MS69e354561205b\", {\n\t\t\t\t\t\twidth           : 800,\n\t\t\t\t\t\theight          : 600,\n\t\t\t\t\t\tminHeight       : 0,\n\t\t\t\t\t\tspace           : 0,\n\t\t\t\t\t\tstart           : 1,\n\t\t\t\t\t\tgrabCursor      : true,\n\t\t\t\t\t\tswipe           : true,\n\t\t\t\t\t\tmouse           : true,\n\t\t\t\t\t\tlayout          : \"boxed\",\n\t\t\t\t\t\twheel           : false,\n\t\t\t\t\t\tautoplay        : true,\n\t\t\t\t\t\tinstantStartLayers:false,\n\t\t\t\t\t\tloop            : false,\n\t\t\t\t\t\tshuffle         : false,\n\t\t\t\t\t\tpreload         : 0,\n\t\t\t\t\t\theightLimit     : true,\n\t\t\t\t\t\tautoHeight      : false,\n\t\t\t\t\t\tsmoothHeight    : true,\n\t\t\t\t\t\tendPause        : false,\n\t\t\t\t\t\toverPause       : true,\n\t\t\t\t\t\tfillMode        : \"fill\",\n\t\t\t\t\t\tcenterControls  : true,\n\t\t\t\t\t\tstartOnAppear   : false,\n\t\t\t\t\t\tlayersMode      : \"center\",\n\t\t\t\t\t\thideLayers      : false,\n\t\t\t\t\t\tfullscreenMargin: 0,\n\t\t\t\t\t\tspeed           : 20,\n\t\t\t\t\t\tdir             : \"h\",\n\t\t\t\t\t\tparallaxMode    : 'swipe',\n\t\t\t\t\t\tview            : \"fade\"\n\t\t\t\t});\n\n\t\t\t\t\n\t\t\t\twindow.masterslider_instances = window.masterslider_instances || [];\n\t\t\t\twindow.masterslider_instances.push( masterslider_205b );\n\t\t\t });\n\n\t\t})(jQuery);\n\t\t<\/script>\n\n\n<\/div>\n\n\n\n<div class=\"wp-block-column is-vertically-aligned-center is-layout-flow wp-block-column-is-layout-flow\" style=\"flex-basis:33.33%\">\n<h1 class=\"wp-block-heading has-text-color\" id=\"cera-ad-70\" style=\"color:#214087\"><strong>Estearato de Calcio<\/strong><\/h1>\n\n\n\n<p><strong>Nombre del producto:<\/strong> Estearato de Calcio.<\/p>\n\n\n\n<p><strong>Presentaci\u00f3n:<\/strong> Polvo<\/p>\n\n\n\n<p><strong>Empaque<\/strong>: Sacos de PP laminado de PEBD, con un peso neto de 25 kg.<\/p>\n\n\n\n<div class=\"wp-block-buttons is-layout-flex wp-block-buttons-is-layout-flex\">\n<div class=\"wp-block-button has-custom-width wp-block-button__width-100\"><a class=\"wp-block-button__link has-background wp-element-button\" href=\"http:\/\/adiplast.com\/sitionuevo\/Catalogo\/16.Otros-Aditivos\/HT_ESTEARATO_DE_CALCIO.pdf\" style=\"border-radius:8px;background-color:#80ad3e\" target=\"_blank\" rel=\"noreferrer noopener\">Descargar HT<\/a><\/div>\n<\/div>\n\n\n\n<hr class=\"wp-block-separator has-text-color has-cyan-bluish-gray-color has-css-opacity has-cyan-bluish-gray-background-color has-background is-style-wide\"\/>\n\n\n\n<div class=\"wp-block-buttons is-layout-flex wp-block-buttons-is-layout-flex\">\n<div class=\"wp-block-button has-custom-width wp-block-button__width-100 is-style-fill\"><a class=\"wp-block-button__link has-white-color has-text-color has-background wp-element-button\" style=\"border-radius:8px;background-color:#214087\">Comprar producto<\/a><\/div>\n<\/div>\n<\/div>\n<\/div>\n\n\n\n<div class=\"wp-block-columns are-vertically-aligned-center has-background is-layout-flex wp-container-core-columns-is-layout-2 wp-block-columns-is-layout-flex\" style=\"background-color:#f6f6f6\">\n<div class=\"wp-block-column is-vertically-aligned-center is-layout-flow wp-block-column-is-layout-flow\" style=\"flex-basis:66.66%\">\n\t\t<!-- MasterSlider -->\n\t\t<div id=\"P_MS69e3545613bd1\" class=\"master-slider-parent msl ms-parent-id-68\" style=\"max-width:800px;\">\n\n\t\t\t\n\t\t\t<!-- MasterSlider Main -->\n\t\t\t<div id=\"MS69e3545613bd1\" class=\"master-slider ms-skin-default\" >\n\t\t\t\t \t\t\t\t \n\t\t\t\t<div  class=\"ms-slide\" data-delay=\"3\" data-fill-mode=\"fill\"  >\n\t\t\t\t\t<img decoding=\"async\" src=\"https:\/\/adiplast.com\/sitionuevo\/wordpress\/wp-content\/plugins\/master-slider\/public\/assets\/css\/blank.gif\" alt=\"\" title=\"\" data-src=\"https:\/\/adiplast.com\/sitionuevo\/wordpress\/wp-content\/uploads\/2023\/07\/Estearato-de-Zinc--scaled.jpg\" \/>\n\n\n\t<div class=\"ms-thumb\" ><div class=\"ms-tab-context\"><div class=&quot;ms-tab-context&quot;><\/div><\/div>\n<\/div>\n\t\t\t\t<\/div>\n\n\t\t\t<\/div>\n\t\t\t<!-- END MasterSlider Main -->\n\n\t\t\t \n\t\t<\/div>\n\t\t<!-- END MasterSlider -->\n\n\t\t<script>\n\t\t(function ( $ ) {\n\t\t\t\"use strict\";\n\n\t\t\t$(function () {\n\t\t\t\tvar masterslider_3bd1 = new MasterSlider();\n\n\t\t\t\t\/\/ slider controls\n\n\t\t\t\t\/\/ slider setup\n\t\t\t\tmasterslider_3bd1.setup(\"MS69e3545613bd1\", {\n\t\t\t\t\t\twidth           : 800,\n\t\t\t\t\t\theight          : 600,\n\t\t\t\t\t\tminHeight       : 0,\n\t\t\t\t\t\tspace           : 0,\n\t\t\t\t\t\tstart           : 1,\n\t\t\t\t\t\tgrabCursor      : true,\n\t\t\t\t\t\tswipe           : true,\n\t\t\t\t\t\tmouse           : true,\n\t\t\t\t\t\tlayout          : \"boxed\",\n\t\t\t\t\t\twheel           : false,\n\t\t\t\t\t\tautoplay        : true,\n\t\t\t\t\t\tinstantStartLayers:false,\n\t\t\t\t\t\tloop            : false,\n\t\t\t\t\t\tshuffle         : false,\n\t\t\t\t\t\tpreload         : 0,\n\t\t\t\t\t\theightLimit     : true,\n\t\t\t\t\t\tautoHeight      : false,\n\t\t\t\t\t\tsmoothHeight    : true,\n\t\t\t\t\t\tendPause        : false,\n\t\t\t\t\t\toverPause       : true,\n\t\t\t\t\t\tfillMode        : \"fill\",\n\t\t\t\t\t\tcenterControls  : true,\n\t\t\t\t\t\tstartOnAppear   : false,\n\t\t\t\t\t\tlayersMode      : \"center\",\n\t\t\t\t\t\thideLayers      : false,\n\t\t\t\t\t\tfullscreenMargin: 0,\n\t\t\t\t\t\tspeed           : 20,\n\t\t\t\t\t\tdir             : \"h\",\n\t\t\t\t\t\tparallaxMode    : 'swipe',\n\t\t\t\t\t\tview            : \"fade\"\n\t\t\t\t});\n\n\t\t\t\t\n\t\t\t\twindow.masterslider_instances = window.masterslider_instances || [];\n\t\t\t\twindow.masterslider_instances.push( masterslider_3bd1 );\n\t\t\t });\n\n\t\t})(jQuery);\n\t\t<\/script>\n\n\n<\/div>\n\n\n\n<div class=\"wp-block-column is-vertically-aligned-center is-layout-flow wp-block-column-is-layout-flow\" style=\"flex-basis:33.33%\">\n<h1 class=\"wp-block-heading has-text-color\" id=\"cera-ad-70\" style=\"color:#214087\"><strong>Estearato de Zinc<\/strong><\/h1>\n\n\n\n<p><strong>Nombre del producto:<\/strong> Estearato de Zinc.<\/p>\n\n\n\n<p><strong>Presentaci\u00f3n:<\/strong> Polvo<\/p>\n\n\n\n<p><strong>Empaque<\/strong>: Sacos de PP laminado de PEBD, con un peso neto de 25 kg.<\/p>\n\n\n\n<div class=\"wp-block-buttons is-layout-flex wp-block-buttons-is-layout-flex\">\n<div class=\"wp-block-button has-custom-width wp-block-button__width-100\"><a class=\"wp-block-button__link has-background wp-element-button\" href=\"http:\/\/adiplast.com\/sitionuevo\/Catalogo\/16.Otros-Aditivos\/HT_ESTEARATO_DE_ZINC.pdf\" style=\"border-radius:8px;background-color:#80ad3e\" target=\"_blank\" rel=\"noreferrer noopener\">Descargar HT<\/a><\/div>\n<\/div>\n\n\n\n<hr class=\"wp-block-separator has-text-color has-cyan-bluish-gray-color has-css-opacity has-cyan-bluish-gray-background-color has-background is-style-wide\"\/>\n\n\n\n<div class=\"wp-block-buttons is-layout-flex wp-block-buttons-is-layout-flex\">\n<div class=\"wp-block-button has-custom-width wp-block-button__width-100 is-style-fill\"><a class=\"wp-block-button__link has-white-color has-text-color has-background wp-element-button\" style=\"border-radius:8px;background-color:#214087\">Comprar producto<\/a><\/div>\n<\/div>\n<\/div>\n<\/div>\n\n\n\n<div class=\"wp-block-columns are-vertically-aligned-center has-background is-layout-flex wp-container-core-columns-is-layout-3 wp-block-columns-is-layout-flex\" style=\"background-color:#f6f6f6\">\n<div class=\"wp-block-column is-vertically-aligned-center is-layout-flow wp-block-column-is-layout-flow\" style=\"flex-basis:66.66%\">\n\t\t<!-- MasterSlider -->\n\t\t<div id=\"P_MS69e3545614651\" class=\"master-slider-parent msl ms-parent-id-69\" style=\"max-width:800px;\">\n\n\t\t\t\n\t\t\t<!-- MasterSlider Main -->\n\t\t\t<div id=\"MS69e3545614651\" class=\"master-slider ms-skin-default\" >\n\t\t\t\t \t\t\t\t \n\t\t\t\t<div  class=\"ms-slide\" data-delay=\"3\" data-fill-mode=\"fill\"  >\n\t\t\t\t\t<img decoding=\"async\" src=\"https:\/\/adiplast.com\/sitionuevo\/wordpress\/wp-content\/plugins\/master-slider\/public\/assets\/css\/blank.gif\" alt=\"\" title=\"\" data-src=\"https:\/\/adiplast.com\/sitionuevo\/wordpress\/wp-content\/uploads\/2023\/05\/Adisec_mini-scaled.jpg\" \/>\n\n\n\t<div class=\"ms-thumb\" ><div class=\"ms-tab-context\"><div class=&quot;ms-tab-context&quot;><\/div><\/div>\n<\/div>\n\t\t\t\t<\/div>\n\n\t\t\t<\/div>\n\t\t\t<!-- END MasterSlider Main -->\n\n\t\t\t \n\t\t<\/div>\n\t\t<!-- END MasterSlider -->\n\n\t\t<script>\n\t\t(function ( $ ) {\n\t\t\t\"use strict\";\n\n\t\t\t$(function () {\n\t\t\t\tvar masterslider_4651 = new MasterSlider();\n\n\t\t\t\t\/\/ slider controls\n\n\t\t\t\t\/\/ slider setup\n\t\t\t\tmasterslider_4651.setup(\"MS69e3545614651\", {\n\t\t\t\t\t\twidth           : 800,\n\t\t\t\t\t\theight          : 600,\n\t\t\t\t\t\tminHeight       : 0,\n\t\t\t\t\t\tspace           : 0,\n\t\t\t\t\t\tstart           : 1,\n\t\t\t\t\t\tgrabCursor      : true,\n\t\t\t\t\t\tswipe           : true,\n\t\t\t\t\t\tmouse           : true,\n\t\t\t\t\t\tlayout          : \"boxed\",\n\t\t\t\t\t\twheel           : false,\n\t\t\t\t\t\tautoplay        : true,\n\t\t\t\t\t\tinstantStartLayers:false,\n\t\t\t\t\t\tloop            : false,\n\t\t\t\t\t\tshuffle         : false,\n\t\t\t\t\t\tpreload         : 0,\n\t\t\t\t\t\theightLimit     : true,\n\t\t\t\t\t\tautoHeight      : false,\n\t\t\t\t\t\tsmoothHeight    : true,\n\t\t\t\t\t\tendPause        : false,\n\t\t\t\t\t\toverPause       : true,\n\t\t\t\t\t\tfillMode        : \"fill\",\n\t\t\t\t\t\tcenterControls  : true,\n\t\t\t\t\t\tstartOnAppear   : false,\n\t\t\t\t\t\tlayersMode      : \"center\",\n\t\t\t\t\t\thideLayers      : false,\n\t\t\t\t\t\tfullscreenMargin: 0,\n\t\t\t\t\t\tspeed           : 20,\n\t\t\t\t\t\tdir             : \"h\",\n\t\t\t\t\t\tparallaxMode    : 'swipe',\n\t\t\t\t\t\tview            : \"fade\"\n\t\t\t\t});\n\n\t\t\t\t\n\t\t\t\twindow.masterslider_instances = window.masterslider_instances || [];\n\t\t\t\twindow.masterslider_instances.push( masterslider_4651 );\n\t\t\t });\n\n\t\t})(jQuery);\n\t\t<\/script>\n\n\n<\/div>\n\n\n\n<div class=\"wp-block-column is-vertically-aligned-center is-layout-flow wp-block-column-is-layout-flow\" style=\"flex-basis:33.33%\">\n<h1 class=\"wp-block-heading has-text-color\" id=\"cera-ad-70\" style=\"color:#214087\"><strong>ADISEC<\/strong><\/h1>\n\n\n\n<p><strong>Nombre del producto:<\/strong> Aditivo para control de humedad residual en resinas pl\u00e1sticas.<\/p>\n\n\n\n<p><strong>Presentaci\u00f3n:<\/strong> Polvo<\/p>\n\n\n\n<p><strong>Empaque<\/strong>: Sacos de PP laminado de PEBD, con un peso neto de 25 kg.<\/p>\n\n\n\n<div class=\"wp-block-buttons is-layout-flex wp-block-buttons-is-layout-flex\">\n<div class=\"wp-block-button has-custom-width wp-block-button__width-100\"><a class=\"wp-block-button__link has-background wp-element-button\" href=\"http:\/\/adiplast.com\/sitionuevo\/Catalogo\/16.Otros-Aditivos\/ET_ADISECREV.1.pdf\" style=\"border-radius:8px;background-color:#80ad3e\" target=\"_blank\" rel=\"noreferrer noopener\">Descargar HT<\/a><\/div>\n<\/div>\n\n\n\n<hr class=\"wp-block-separator has-text-color has-cyan-bluish-gray-color has-css-opacity has-cyan-bluish-gray-background-color has-background is-style-wide\"\/>\n\n\n\n<div class=\"wp-block-buttons is-layout-flex wp-block-buttons-is-layout-flex\">\n<div class=\"wp-block-button has-custom-width wp-block-button__width-100 is-style-fill\"><a class=\"wp-block-button__link has-white-color has-text-color has-background wp-element-button\" style=\"border-radius:8px;background-color:#214087\">Comprar producto<\/a><\/div>\n<\/div>\n<\/div>\n<\/div>\n\n\n\n<div class=\"wp-block-columns are-vertically-aligned-center has-background is-layout-flex wp-container-core-columns-is-layout-4 wp-block-columns-is-layout-flex\" style=\"background-color:#f6f6f6\">\n<div class=\"wp-block-column is-vertically-aligned-center is-layout-flow wp-block-column-is-layout-flow\" style=\"flex-basis:66.66%\">\n<figure class=\"wp-block-image size-large\"><img loading=\"lazy\" decoding=\"async\" width=\"1024\" height=\"1024\" src=\"http:\/\/adiplast.com\/sitionuevo\/wordpress\/wp-content\/uploads\/2024\/12\/10-1024x1024.png\" alt=\"\" class=\"wp-image-1805\" srcset=\"https:\/\/adiplast.com\/sitionuevo\/wordpress\/wp-content\/uploads\/2024\/12\/10-1024x1024.png 1024w, https:\/\/adiplast.com\/sitionuevo\/wordpress\/wp-content\/uploads\/2024\/12\/10-768x768.png 768w, https:\/\/adiplast.com\/sitionuevo\/wordpress\/wp-content\/uploads\/2024\/12\/10-120x120.png 120w, https:\/\/adiplast.com\/sitionuevo\/wordpress\/wp-content\/uploads\/2024\/12\/10-105x105.png 105w, https:\/\/adiplast.com\/sitionuevo\/wordpress\/wp-content\/uploads\/2024\/12\/10-570x570.png 570w, https:\/\/adiplast.com\/sitionuevo\/wordpress\/wp-content\/uploads\/2024\/12\/10-380x380.png 380w, https:\/\/adiplast.com\/sitionuevo\/wordpress\/wp-content\/uploads\/2024\/12\/10-285x285.png 285w, https:\/\/adiplast.com\/sitionuevo\/wordpress\/wp-content\/uploads\/2024\/12\/10.png 1080w\" sizes=\"auto, (max-width: 1024px) 100vw, 1024px\" \/><\/figure>\n<\/div>\n\n\n\n<div class=\"wp-block-column is-vertically-aligned-center is-layout-flow wp-block-column-is-layout-flow\" style=\"flex-basis:33.33%\">\n<h1 class=\"wp-block-heading has-text-color\" id=\"cera-ad-70\" style=\"color:#214087\"><strong>Retardante de flama<\/strong><\/h1>\n\n\n\n<p><strong>Nombre del producto:<\/strong> Dietilfosfinato de aluminio.<\/p>\n\n\n\n<p><strong>Presentaci\u00f3n:<\/strong> Polvo<\/p>\n\n\n\n<p><strong>Empaque<\/strong>: Sacos de PP laminado de PEBD, con un peso neto de 25 kg.<\/p>\n\n\n\n<div class=\"wp-block-buttons is-layout-flex wp-block-buttons-is-layout-flex\">\n<div class=\"wp-block-button has-custom-width wp-block-button__width-100\"><a class=\"wp-block-button__link has-background wp-element-button\" href=\"http:\/\/adiplast.com\/sitionuevo\/wordpress\/wp-content\/uploads\/2024\/12\/ET-HR8844P.pdf\" style=\"border-radius:8px;background-color:#80ad3e\" target=\"_blank\" rel=\"noreferrer noopener\">Descargar HT<\/a><\/div>\n<\/div>\n\n\n\n<hr class=\"wp-block-separator has-text-color has-cyan-bluish-gray-color has-css-opacity has-cyan-bluish-gray-background-color has-background is-style-wide\"\/>\n\n\n\n<div class=\"wp-block-buttons is-layout-flex wp-block-buttons-is-layout-flex\">\n<div class=\"wp-block-button has-custom-width wp-block-button__width-100 is-style-fill\"><a class=\"wp-block-button__link has-white-color has-text-color has-background wp-element-button\" style=\"border-radius:8px;background-color:#214087\">Comprar producto<\/a><\/div>\n<\/div>\n<\/div>\n<\/div>\n\n\n\n<div class=\"wp-block-columns are-vertically-aligned-center has-background is-layout-flex wp-container-core-columns-is-layout-5 wp-block-columns-is-layout-flex\" style=\"background-color:#f6f6f6\">\n<div class=\"wp-block-column is-vertically-aligned-center is-layout-flow wp-block-column-is-layout-flow\" style=\"flex-basis:66.66%\">\n<figure class=\"wp-block-image size-large\"><img loading=\"lazy\" decoding=\"async\" width=\"1024\" height=\"1024\" src=\"http:\/\/adiplast.com\/sitionuevo\/wordpress\/wp-content\/uploads\/2024\/12\/12-1024x1024.png\" alt=\"\" class=\"wp-image-1806\" srcset=\"https:\/\/adiplast.com\/sitionuevo\/wordpress\/wp-content\/uploads\/2024\/12\/12-1024x1024.png 1024w, https:\/\/adiplast.com\/sitionuevo\/wordpress\/wp-content\/uploads\/2024\/12\/12-768x768.png 768w, https:\/\/adiplast.com\/sitionuevo\/wordpress\/wp-content\/uploads\/2024\/12\/12-120x120.png 120w, https:\/\/adiplast.com\/sitionuevo\/wordpress\/wp-content\/uploads\/2024\/12\/12-105x105.png 105w, https:\/\/adiplast.com\/sitionuevo\/wordpress\/wp-content\/uploads\/2024\/12\/12-570x570.png 570w, https:\/\/adiplast.com\/sitionuevo\/wordpress\/wp-content\/uploads\/2024\/12\/12-380x380.png 380w, https:\/\/adiplast.com\/sitionuevo\/wordpress\/wp-content\/uploads\/2024\/12\/12-285x285.png 285w, https:\/\/adiplast.com\/sitionuevo\/wordpress\/wp-content\/uploads\/2024\/12\/12.png 1080w\" sizes=\"auto, (max-width: 1024px) 100vw, 1024px\" \/><\/figure>\n<\/div>\n\n\n\n<div class=\"wp-block-column is-vertically-aligned-center is-layout-flow wp-block-column-is-layout-flow\" style=\"flex-basis:33.33%\">\n<h1 class=\"wp-block-heading has-text-color\" id=\"cera-ad-70\" style=\"color:#214087\"><strong>Retardante de flama<\/strong><\/h1>\n\n\n\n<p><strong>Nombre del producto:<\/strong> Dietilfosfinato de aluminio.<\/p>\n\n\n\n<p><strong>Presentaci\u00f3n:<\/strong> Polvo<\/p>\n\n\n\n<p><strong>Empaque<\/strong>: Sacos de PP laminado de PEBD, con un peso neto de 25 kg.<\/p>\n\n\n\n<div class=\"wp-block-buttons is-layout-flex wp-block-buttons-is-layout-flex\">\n<div class=\"wp-block-button has-custom-width wp-block-button__width-100\"><a class=\"wp-block-button__link has-background wp-element-button\" href=\"http:\/\/adiplast.com\/sitionuevo\/wordpress\/wp-content\/uploads\/2024\/12\/ET-HR8833.pdf\" style=\"border-radius:8px;background-color:#80ad3e\" target=\"_blank\" rel=\"noreferrer noopener\">Descargar HT<\/a><\/div>\n<\/div>\n\n\n\n<hr class=\"wp-block-separator has-text-color has-cyan-bluish-gray-color has-css-opacity has-cyan-bluish-gray-background-color has-background is-style-wide\"\/>\n\n\n\n<div class=\"wp-block-buttons is-layout-flex wp-block-buttons-is-layout-flex\">\n<div class=\"wp-block-button has-custom-width wp-block-button__width-100 is-style-fill\"><a class=\"wp-block-button__link has-white-color has-text-color has-background wp-element-button\" style=\"border-radius:8px;background-color:#214087\">Comprar producto<\/a><\/div>\n<\/div>\n<\/div>\n<\/div>\n\n\n\n<div class=\"wp-block-columns are-vertically-aligned-center has-background is-layout-flex wp-container-core-columns-is-layout-6 wp-block-columns-is-layout-flex\" style=\"background-color:#f6f6f6\">\n<div class=\"wp-block-column is-vertically-aligned-center is-layout-flow wp-block-column-is-layout-flow\" style=\"flex-basis:66.66%\">\n<figure class=\"wp-block-image size-large\"><img loading=\"lazy\" decoding=\"async\" width=\"1024\" height=\"1024\" src=\"http:\/\/adiplast.com\/sitionuevo\/wordpress\/wp-content\/uploads\/2024\/12\/10-1024x1024.png\" alt=\"\" class=\"wp-image-1805\" srcset=\"https:\/\/adiplast.com\/sitionuevo\/wordpress\/wp-content\/uploads\/2024\/12\/10-1024x1024.png 1024w, https:\/\/adiplast.com\/sitionuevo\/wordpress\/wp-content\/uploads\/2024\/12\/10-768x768.png 768w, https:\/\/adiplast.com\/sitionuevo\/wordpress\/wp-content\/uploads\/2024\/12\/10-120x120.png 120w, https:\/\/adiplast.com\/sitionuevo\/wordpress\/wp-content\/uploads\/2024\/12\/10-105x105.png 105w, https:\/\/adiplast.com\/sitionuevo\/wordpress\/wp-content\/uploads\/2024\/12\/10-570x570.png 570w, https:\/\/adiplast.com\/sitionuevo\/wordpress\/wp-content\/uploads\/2024\/12\/10-380x380.png 380w, https:\/\/adiplast.com\/sitionuevo\/wordpress\/wp-content\/uploads\/2024\/12\/10-285x285.png 285w, https:\/\/adiplast.com\/sitionuevo\/wordpress\/wp-content\/uploads\/2024\/12\/10.png 1080w\" sizes=\"auto, (max-width: 1024px) 100vw, 1024px\" \/><\/figure>\n<\/div>\n\n\n\n<div class=\"wp-block-column is-vertically-aligned-center is-layout-flow wp-block-column-is-layout-flow\" style=\"flex-basis:33.33%\">\n<h1 class=\"wp-block-heading has-text-color\" id=\"cera-ad-70\" style=\"color:#214087\"><strong>Retardante de flama<\/strong><\/h1>\n\n\n\n<p><strong>Nombre del producto:<\/strong> Dietilfosfinato de aluminio.<\/p>\n\n\n\n<p><strong>Presentaci\u00f3n:<\/strong> Polvo<\/p>\n\n\n\n<p><strong>Empaque<\/strong>: Sacos de PP laminado de PEBD, con un peso neto de 25 kg.<\/p>\n\n\n\n<div class=\"wp-block-buttons is-layout-flex wp-block-buttons-is-layout-flex\">\n<div class=\"wp-block-button has-custom-width wp-block-button__width-100\"><a class=\"wp-block-button__link has-background wp-element-button\" href=\"http:\/\/adiplast.com\/sitionuevo\/wordpress\/wp-content\/uploads\/2024\/12\/ET-HR8866.pdf\" style=\"border-radius:8px;background-color:#80ad3e\" target=\"_blank\" rel=\"noreferrer noopener\">Descargar HT<\/a><\/div>\n<\/div>\n\n\n\n<hr class=\"wp-block-separator has-text-color has-cyan-bluish-gray-color has-css-opacity has-cyan-bluish-gray-background-color has-background is-style-wide\"\/>\n\n\n\n<div class=\"wp-block-buttons is-layout-flex wp-block-buttons-is-layout-flex\">\n<div class=\"wp-block-button has-custom-width wp-block-button__width-100 is-style-fill\"><a class=\"wp-block-button__link has-white-color has-text-color has-background wp-element-button\" style=\"border-radius:8px;background-color:#214087\">Comprar producto<\/a><\/div>\n<\/div>\n<\/div>\n<\/div>\n","protected":false},"excerpt":{"rendered":"<p>Usualmente los pol\u00edmeros necesitan la ayuda de uno o m\u00e1s aditivos o modificadores para cumplir con su funci\u00f3n, ya que estos son capaces de cambiar la forma y mejorar las propiedades f\u00edsicas de los materiales pl\u00e1sticos. Adiplast tiene una amplia gama de aditivos destac\u00e1ndose los siguientes:&nbsp; Estearato de Calcio, es un material ceroso con baja<\/p>\n<p class=\"more-link\"><a href=\"https:\/\/adiplast.com\/sitionuevo\/wordpress\/productos\/otros-aditivos\/\" class=\"themebutton\">Read More<\/a><\/p>\n","protected":false},"author":1,"featured_media":0,"parent":21,"menu_order":0,"comment_status":"closed","ping_status":"closed","template":"","meta":{"footnotes":""},"class_list":["post-1016","page","type-page","status-publish","hentry"],"_links":{"self":[{"href":"https:\/\/adiplast.com\/sitionuevo\/wordpress\/wp-json\/wp\/v2\/pages\/1016","targetHints":{"allow":["GET"]}}],"collection":[{"href":"https:\/\/adiplast.com\/sitionuevo\/wordpress\/wp-json\/wp\/v2\/pages"}],"about":[{"href":"https:\/\/adiplast.com\/sitionuevo\/wordpress\/wp-json\/wp\/v2\/types\/page"}],"author":[{"embeddable":true,"href":"https:\/\/adiplast.com\/sitionuevo\/wordpress\/wp-json\/wp\/v2\/users\/1"}],"replies":[{"embeddable":true,"href":"https:\/\/adiplast.com\/sitionuevo\/wordpress\/wp-json\/wp\/v2\/comments?post=1016"}],"version-history":[{"count":18,"href":"https:\/\/adiplast.com\/sitionuevo\/wordpress\/wp-json\/wp\/v2\/pages\/1016\/revisions"}],"predecessor-version":[{"id":1809,"href":"https:\/\/adiplast.com\/sitionuevo\/wordpress\/wp-json\/wp\/v2\/pages\/1016\/revisions\/1809"}],"up":[{"embeddable":true,"href":"https:\/\/adiplast.com\/sitionuevo\/wordpress\/wp-json\/wp\/v2\/pages\/21"}],"wp:attachment":[{"href":"https:\/\/adiplast.com\/sitionuevo\/wordpress\/wp-json\/wp\/v2\/media?parent=1016"}],"curies":[{"name":"wp","href":"https:\/\/api.w.org\/{rel}","templated":true}]}}